{"id":5880,"date":"2025-08-18T13:39:17","date_gmt":"2025-08-18T12:39:17","guid":{"rendered":"https:\/\/www.biadvisory.be\/startseite\/"},"modified":"2025-08-25T08:12:27","modified_gmt":"2025-08-25T07:12:27","slug":"startseite","status":"publish","type":"page","link":"https:\/\/www.biadvisory.be\/de\/","title":{"rendered":"Startseite"},"content":{"rendered":"<div class=\"wp-block-cover is-light PromoBlock has-white-color has-text-color has-link-color wp-elements-330b5fc1c38b405dafbaff0bd90e4e9f\"><img loading=\"lazy\" decoding=\"async\" width=\"1024\" height=\"683\" class=\"wp-block-cover__image-background wp-image-5078 size-large lazyload\" alt=\"\" src=\"data:image\/gif;base64,R0lGODlhAQABAAAAACH5BAEKAAEALAAAAAABAAEAAAICTAEAOw==\" data-object-fit=\"cover\" sizes=\"auto, (max-width: 1024px) 100vw, 1024px\" data-src=\"https:\/\/www.biadvisory.be\/wp-content\/uploads\/2025\/07\/building-perspective-skyscraper-corporate-5f3adecab3dcd4d56ec745d9e4606751-1024x683.jpg\" data-srcset=\"https:\/\/www.biadvisory.be\/wp-content\/uploads\/2025\/07\/building-perspective-skyscraper-corporate-5f3adecab3dcd4d56ec745d9e4606751-1024x683.jpg 1024w, https:\/\/www.biadvisory.be\/wp-content\/uploads\/2025\/07\/building-perspective-skyscraper-corporate-5f3adecab3dcd4d56ec745d9e4606751-300x200.jpg 300w, https:\/\/www.biadvisory.be\/wp-content\/uploads\/2025\/07\/building-perspective-skyscraper-corporate-5f3adecab3dcd4d56ec745d9e4606751-768x512.jpg 768w, https:\/\/www.biadvisory.be\/wp-content\/uploads\/2025\/07\/building-perspective-skyscraper-corporate-5f3adecab3dcd4d56ec745d9e4606751-1536x1024.jpg 1536w, https:\/\/www.biadvisory.be\/wp-content\/uploads\/2025\/07\/building-perspective-skyscraper-corporate-5f3adecab3dcd4d56ec745d9e4606751-2048x1365.jpg 2048w\"><span aria-hidden=\"true\" class=\"wp-block-cover__background has-background-dim\" style=\"background-color:#879bae\"><\/span><\/p>\n<div class=\"wp-block-cover__inner-container is-layout-constrained wp-block-cover-is-layout-constrained\">\n<p class=\"has-text-align-center has-large-font-size\">Verbessern Sie Ihre Finanzeinblicke<\/p>\n<div style=\"height:20px\" aria-hidden=\"true\" class=\"wp-block-spacer\"><\/div>\n<p class=\"has-text-align-center\">BI Advisory unterst\u00fctzt Unternehmen dabei, Berichte zu optimieren, Daten zu konsolidieren und KI-gesteuerte Entscheidungen zu erm\u00f6glichen.<\/p>\n<div style=\"height:40px\" aria-hidden=\"true\" class=\"wp-block-spacer\"><\/div>\n<div class=\"wp-block-buttons is-content-justification-center is-layout-flex wp-container-core-buttons-is-layout-16018d1d wp-block-buttons-is-layout-flex\">\n<div class=\"wp-block-button is-style-outline is-style-outline--1\"><a class=\"wp-block-button__link wp-element-button\" href=\"#Willkommen\">Erste Schritte<\/a><\/div>\n<\/div>\n<\/div>\n<\/div>\n<div style=\"height:60px\" aria-hidden=\"true\" id=\"welcome\" class=\"wp-block-spacer\"><\/div>\n<div class=\"wp-block-group container\">\n<div class=\"wp-block-group__inner-container is-layout-constrained wp-block-group-is-layout-constrained\">\n<h1 class=\"wp-block-heading has-text-align-center\" id=\"h-welcome-to-nbsp-bi-advisory\">Willkommen bei BI ADVISORY<\/h1>\n<hr class=\"wp-block-separator has-alpha-channel-opacity Half\"\/>\n<p class=\"has-text-align-center EstOverlay Half\">Gegr. 2011<\/p>\n<\/div>\n<\/div>\n<h3 class=\"wp-block-heading has-text-align-center\" id=\"h-we-provide-financial-reporting-services-and-ai-solutions\">Wir bieten Finanzberichtsdienste und KI-L\u00f6sungen.<\/h3>\n<div class=\"wp-block-group container\">\n<div class=\"wp-block-group__inner-container is-layout-constrained wp-block-group-is-layout-constrained\">\n<hr class=\"wp-block-separator has-alpha-channel-opacity Third\"\/>\n<div style=\"height:40px;width:0px\" aria-hidden=\"true\" class=\"wp-block-spacer\"><\/div>\n<div class=\"wp-block-group is-nowrap is-layout-flex wp-container-core-group-is-layout-ad2f72ca wp-block-group-is-layout-flex\">\n<p class=\"AlignTop wp-container-content-0733e5d0\">BI ADVISORY ist ein in Belgien ans\u00e4ssiges Unternehmensberatungsunternehmen, das L\u00f6sungen im Bereich Finanzen und Projektmanagement anbietet. Unser Schwerpunkt liegt auf der Beratung unserer Kunden zu Best Practices im Bereich <strong>Finanzberichterstattung<\/strong> und <strong>KI-L\u00f6sungen<\/strong>, der Implementierung ma\u00dfgeschneiderter L\u00f6sungen mit dem Kunden und der funktionalen Unterst\u00fctzung seiner Prozesse. <\/p>\n<p class=\"AlignTop wp-container-content-0733e5d0\">Unsere Best Practices im Bereich der <strong>Finanzberichterstattung<\/strong><strong> bieten<\/strong> unseren Kunden einen echten Mehrwert bei der Vereinfachung und Verbesserung der Leistung ihrer Prozesse, um effektiv auf die Anforderungen eines schnellen Abschlusses, der Vereinfachung von Arbeitsprozessen und der Bereitstellung hochwertiger Informationen f\u00fcr das Top-Management zu reagieren.<\/p>\n<\/div>\n<div style=\"height:40px;width:0px\" aria-hidden=\"true\" class=\"wp-block-spacer\"><\/div>\n<p class=\"has-text-align-center\">BI ADVISORY erbringt Dienstleistungen f\u00fcr verschiedene T\u00e4tigkeitsbereiche, beispielsweise den Banken- und Industriesektor.<\/p>\n<div style=\"height:40px\" aria-hidden=\"true\" class=\"wp-block-spacer\"><\/div>\n<h3 class=\"wp-block-heading has-text-align-center\" id=\"h-our-ability-to-deal-with-specifications-of-each-sector-has-been-proven-within-several-clients-in-past\">Unsere F\u00e4higkeit, mit den Spezifikationen jedes Sektors umzugehen, haben wir in der Vergangenheit bei mehreren Kunden unter Beweis gestellt.<\/h3>\n<hr class=\"wp-block-separator has-alpha-channel-opacity\"\/>\n<\/div>\n<\/div>\n<blockquote class=\"wp-block-quote is-layout-flow wp-block-quote-is-layout-flow\">\n<\/blockquote>\n<div style=\"height:60px\" aria-hidden=\"true\" class=\"wp-block-spacer\"><\/div>\n<section class=\"wp-block-group MaxWidth30\">\n<div class=\"wp-block-group__inner-container is-layout-constrained wp-block-group-is-layout-constrained\">\n<div class=\"wp-block-image\">\n<figure class=\"aligncenter size-full is-resized\"><img loading=\"lazy\" decoding=\"async\" width=\"123\" height=\"88\" src=\"data:image\/gif;base64,R0lGODlhAQABAAAAACH5BAEKAAEALAAAAAABAAEAAAICTAEAOw==\" alt=\"\" class=\"wp-image-5085 lazyload\" style=\"width:84px;height:auto\" data-src=\"https:\/\/www.biadvisory.be\/wp-content\/uploads\/2025\/07\/MissionInvertedComma.png\"><\/figure>\n<\/div>\n<h2 class=\"wp-block-heading has-text-align-center\" id=\"h-our-mission\">Unsere Mission<\/h2>\n<hr class=\"wp-block-separator has-alpha-channel-opacity Quarter\"\/>\n<p class=\"has-text-align-center\">Eine der gr\u00f6\u00dften Herausforderungen f\u00fcr Unternehmen in der heutigen Welt besteht darin, zwei parallele Priorit\u00e4ten in Einklang zu bringen: die Aufrechterhaltung des normalen Gesch\u00e4ftsbetriebs und gleichzeitig die Umgestaltung der Gesch\u00e4ftsabl\u00e4ufe, um in Zukunft zu \u00fcberleben und wettbewerbsf\u00e4hig zu bleiben.<\/p>\n<p class=\"has-text-align-center\">Unsere Mission besteht darin, Kunden hinsichtlich bew\u00e4hrter Verfahren zu <strong>beraten<\/strong>, die \u00c4nderungen <strong>umzusetzen<\/strong> und schlie\u00dflich den normalen Gesch\u00e4ftsbetrieb bei Bedarf im Hinblick auf Finanzberichterstattung und Konsolidierungsaktivit\u00e4ten zu <strong>unterst\u00fctzen<\/strong>.<\/p>\n<p class=\"has-text-align-center\">Unser Ziel ist es, eines der f\u00fchrenden Unternehmen im Bereich <strong>Finanzberichterstattung und KI-Gesch\u00e4ft<\/strong> zu werden.<\/p>\n<hr class=\"wp-block-separator has-alpha-channel-opacity Quarter\"\/>\n<h2 class=\"wp-block-heading has-text-align-center\" id=\"h-ceo\">VORSITZENDER<\/h2>\n<div style=\"height:100px\" aria-hidden=\"true\" class=\"wp-block-spacer\"><\/div>\n<\/div>\n<\/section>\n<div class=\"wp-block-group has-background\" style=\"background-color:#3498db\">\n<div class=\"wp-block-group__inner-container is-layout-constrained wp-block-group-is-layout-constrained\">\n<div class=\"wp-block-group MaxWidth60 BlueBlock\">\n<div class=\"wp-block-group__inner-container is-layout-constrained wp-block-group-is-layout-constrained\">\n<div style=\"height:20px\" aria-hidden=\"true\" class=\"wp-block-spacer\"><\/div>\n<h2 class=\"wp-block-heading has-text-align-center\" id=\"h-subscribe-to-our-newsletter\">Abonnieren Sie unseren Newsletter<\/h2>\n<div class=\"fluentform-block-8802c824-6d2e ffblock-block-frontend\">\n<div class=\"ffblock-fluent-form-wrapper ffblock-fluent-form-style-1 ffblock-fluentform-subscription\">\n<div class='fluentform ff-default fluentform_wrapper_2 ffs_default_wrap'>\n<form data-form_id=\"2\" id=\"fluentform_2\" class=\"frm-fluent-form fluent_form_2 ff-el-form-top ff_form_instance_2_1 ff-form-loading ffs_default\" data-form_instance=\"ff_form_instance_2_1\" method=\"POST\" >\n<fieldset  style=\"border: none!important;margin: 0!important;padding: 0!important;background-color: transparent!important;box-shadow: none!important;outline: none!important; min-inline-size: 100%;\">\n<legend class=\"ff_screen_reader_title\" style=\"display: block; margin: 0!important;padding: 0!important;height: 0!important;text-indent: -999999px;width: 0!important;overflow:hidden;\">Subscription Form<\/legend>\n<p><input type='hidden' name='__fluent_form_embded_post_id' value='5880' \/><input type=\"hidden\" id=\"_fluentform_2_fluentformnonce\" name=\"_fluentform_2_fluentformnonce\" value=\"077054af54\" \/><input type=\"hidden\" name=\"_wp_http_referer\" value=\"\/de\/wp-json\/wp\/v2\/pages\/5880\" \/><\/p>\n<div data-name=\"ff_cn_id_1\"  class='ff-t-container ff-column-container ff_columns_total_3 '>\n<div class='ff-t-cell ff-t-column-1' style='flex-basis: 40%;'>\n<div data-type=\"name-element\" data-name=\"name\" class=\" ff-field_container ff-name-field-wrapper\" >\n<div class='ff-t-container'>\n<div class='ff-t-cell '>\n<div class='ff-el-group ff-el-form-top'>\n<div class=\"ff-el-input--label asterisk-right\"><label for='ff_2_name_first_name_' id='label_ff_2_name_first_name_' >Name<\/label><\/div>\n<div class='ff-el-input--content'><input type=\"text\" name=\"name[first_name]\" id=\"ff_2_name_first_name_\" class=\"ff-el-form-control\" placeholder=\"Geben Sie Ihren Vornamen ein\" aria-invalid=\"false\" aria-required=false><\/div>\n<\/div>\n<\/div>\n<\/div>\n<\/div>\n<\/div>\n<div class='ff-t-cell ff-t-column-2' style='flex-basis: 40%;'>\n<div class='ff-el-group'>\n<div class=\"ff-el-input--label ff-el-is-required asterisk-right\"><label for='ff_2_email' id='label_ff_2_email' aria-label=\"E-Mail\">E-Mail<\/label><\/div>\n<div class='ff-el-input--content'><input type=\"email\" name=\"email\" id=\"ff_2_email\" class=\"ff-el-form-control\" placeholder=\"Ihre E-Mail-Adresse\" data-name=\"email\"  aria-invalid=\"false\" aria-required=true><\/div>\n<\/div>\n<\/div>\n<div class='ff-t-cell ff-t-column-3' style='flex-basis: 20%;'>\n<div class='ff-el-group ff-text-left EmailSubscribeImageButtonContainer ff_submit_btn_wrapper ff_submit_btn_wrapper_custom'><button class='ff-btn-submit' type='submit' aria-label='Submit The Form'><img style=\"max-width: 200px;\" src=\"data:image\/gif;base64,R0lGODlhAQABAAAAACH5BAEKAAEALAAAAAABAAEAAAICTAEAOw==\" alt=\"Submit Form\" class=\"lazyload\" data-src=\"https:\/\/www.biadvisory.be\/wp-content\/uploads\/2025\/08\/emailsubscribe_white.png\"><\/button><\/p>\n<style>form.fluent_form_2 .wpf_has_custom_css.ff-btn-submit { background-color:#1a7efb;border-color:#1a7efb;color:#ffffff;min-width:100%; }form.fluent_form_2 .wpf_has_custom_css.ff-btn-submit:hover { background-color:#ffffff;border-color:#1a7efb;color:#1a7efb;min-width:100%; } <\/style>\n<\/div>\n<\/div>\n<\/div>\n<\/fieldset>\n<\/form>\n<div id='fluentform_2_errors' class='ff-errors-in-stack ff_form_instance_2_1 ff-form-loading_errors ff_form_instance_2_1_errors'><\/div>\n<\/div>\n<p>            <script type=\"text\/javascript\">\n                window.fluent_form_ff_form_instance_2_1 = {\"id\":\"2\",\"settings\":{\"layout\":{\"labelPlacement\":\"top\",\"helpMessagePlacement\":\"with_label\",\"errorMessagePlacement\":\"inline\",\"asteriskPlacement\":\"asterisk-right\"},\"restrictions\":{\"denyEmptySubmission\":{\"enabled\":false}}},\"form_instance\":\"ff_form_instance_2_1\",\"form_id_selector\":\"fluentform_2\",\"rules\":{\"name[first_name]\":{\"required\":{\"value\":false,\"message\":\"Dieses Feld ist erforderlich\",\"global_message\":\"This field is required\",\"global\":true}},\"name[middle_name]\":{\"required\":{\"value\":false,\"message\":\"Dieses Feld ist erforderlich\",\"global_message\":\"This field is required\",\"global\":true}},\"name[last_name]\":{\"required\":{\"value\":false,\"message\":\"Dieses Feld ist erforderlich\",\"global_message\":\"This field is required\",\"global\":true}},\"email\":{\"required\":{\"value\":true,\"message\":\"Dieses Feld ist erforderlich\",\"global\":false,\"global_message\":\"This field is required\"},\"email\":{\"value\":true,\"message\":\"Dieses Feld muss eine g\\u00fcltige E-Mail-Adresse enthalten\",\"global\":false,\"global_message\":\"This field must contain a valid email\"}}},\"debounce_time\":300};\n                            <\/script>\n            \t\t<\/div>\n<\/p><\/div>\n<div style=\"height:20px\" aria-hidden=\"true\" class=\"wp-block-spacer\"><\/div>\n<\/div>\n<\/div>\n<\/div>\n<\/div>\n","protected":false},"excerpt":{"rendered":"<p>Willkommen bei BI ADVISORY Gegr. 2011 Wir bieten Finanzberichtsdienste und KI-L\u00f6sungen. BI ADVISORY ist ein in Belgien ans\u00e4ssiges Unternehmensberatungsunternehmen, das L\u00f6sungen im Bereich Finanzen und Projektmanagement anbietet. Unser Schwerpunkt liegt auf der Beratung unserer Kunden zu Best Practices im Bereich Finanzberichterstattung und KI-L\u00f6sungen, der Implementierung ma\u00dfgeschneiderter L\u00f6sungen mit dem Kunden und der funktionalen Unterst\u00fctzung seiner [&hellip;]<\/p>\n","protected":false},"author":1,"featured_media":0,"parent":0,"menu_order":0,"comment_status":"closed","ping_status":"closed","template":"","meta":{"footnotes":""},"class_list":["post-5880","page","type-page","status-publish","hentry"],"yoast_head":"<!-- This site is optimized with the Yoast SEO Premium plugin v24.7 (Yoast SEO v26.7) - https:\/\/yoast.com\/wordpress\/plugins\/seo\/ -->\n<title>Anbieter von Finanzberichten | KI- und Agentenl\u00f6sungen<\/title>\n<meta name=\"description\" content=\"BI ADVISORY ist ein belgisches Unternehmensberatungsunternehmen, das Unternehmen Dienstleistungen und L\u00f6sungen in den Bereichen Finanzberichterstattung und KI-L\u00f6sungen anbietet.\" \/>\n<meta name=\"robots\" content=\"index, follow, max-snippet:-1, max-image-preview:large, max-video-preview:-1\" \/>\n<link rel=\"canonical\" href=\"https:\/\/www.biadvisory.be\/de\/\" \/>\n<meta property=\"og:locale\" content=\"de_DE\" \/>\n<meta property=\"og:type\" content=\"article\" \/>\n<meta property=\"og:title\" content=\"Startseite\" \/>\n<meta property=\"og:description\" content=\"BI ADVISORY ist ein belgisches Unternehmensberatungsunternehmen, das Unternehmen Dienstleistungen und L\u00f6sungen in den Bereichen Finanzberichterstattung und KI-L\u00f6sungen anbietet.\" \/>\n<meta property=\"og:url\" content=\"https:\/\/www.biadvisory.be\/de\/\" \/>\n<meta property=\"og:site_name\" content=\"BI ADVISORY\" \/>\n<meta property=\"article:publisher\" content=\"https:\/\/www.facebook.com\/business.iConsulting\/\" \/>\n<meta property=\"article:modified_time\" content=\"2025-08-25T07:12:27+00:00\" \/>\n<meta property=\"og:image\" content=\"https:\/\/www.biadvisory.be\/wp-content\/uploads\/2025\/07\/building-perspective-skyscraper-corporate-5f3adecab3dcd4d56ec745d9e4606751-1024x683.jpg\" \/>\n<meta name=\"twitter:card\" content=\"summary_large_image\" \/>\n<meta name=\"twitter:site\" content=\"@BI_ADVISORY\" \/>\n<meta name=\"twitter:label1\" content=\"Gesch\u00e4tzte Lesezeit\" \/>\n\t<meta name=\"twitter:data1\" content=\"1\u00a0Minute\" \/>\n<script type=\"application\/ld+json\" class=\"yoast-schema-graph\">{\"@context\":\"https:\/\/schema.org\",\"@graph\":[{\"@type\":\"WebPage\",\"@id\":\"https:\/\/www.biadvisory.be\/de\/\",\"url\":\"https:\/\/www.biadvisory.be\/de\/\",\"name\":\"Anbieter von Finanzberichten | KI- und Agentenl\u00f6sungen\",\"isPartOf\":{\"@id\":\"https:\/\/www.biadvisory.be\/#website\"},\"primaryImageOfPage\":{\"@id\":\"https:\/\/www.biadvisory.be\/de\/#primaryimage\"},\"image\":{\"@id\":\"https:\/\/www.biadvisory.be\/de\/#primaryimage\"},\"thumbnailUrl\":\"https:\/\/www.biadvisory.be\/wp-content\/uploads\/2025\/07\/building-perspective-skyscraper-corporate-5f3adecab3dcd4d56ec745d9e4606751-1024x683.jpg\",\"datePublished\":\"2025-08-18T12:39:17+00:00\",\"dateModified\":\"2025-08-25T07:12:27+00:00\",\"description\":\"BI ADVISORY ist ein belgisches Unternehmensberatungsunternehmen, das Unternehmen Dienstleistungen und L\u00f6sungen in den Bereichen Finanzberichterstattung und KI-L\u00f6sungen anbietet.\",\"breadcrumb\":{\"@id\":\"https:\/\/www.biadvisory.be\/de\/#breadcrumb\"},\"inLanguage\":\"de\",\"potentialAction\":[{\"@type\":\"ReadAction\",\"target\":[\"https:\/\/www.biadvisory.be\/de\/\"]}]},{\"@type\":\"ImageObject\",\"inLanguage\":\"de\",\"@id\":\"https:\/\/www.biadvisory.be\/de\/#primaryimage\",\"url\":\"https:\/\/www.biadvisory.be\/wp-content\/uploads\/2025\/07\/building-perspective-skyscraper-corporate-5f3adecab3dcd4d56ec745d9e4606751-1024x683.jpg\",\"contentUrl\":\"https:\/\/www.biadvisory.be\/wp-content\/uploads\/2025\/07\/building-perspective-skyscraper-corporate-5f3adecab3dcd4d56ec745d9e4606751-1024x683.jpg\"},{\"@type\":\"BreadcrumbList\",\"@id\":\"https:\/\/www.biadvisory.be\/de\/#breadcrumb\",\"itemListElement\":[{\"@type\":\"ListItem\",\"position\":1,\"name\":\"Home\",\"item\":\"https:\/\/www.biadvisory.be\/de\/\"},{\"@type\":\"ListItem\",\"position\":2,\"name\":\"Startseite\"}]},{\"@type\":\"WebSite\",\"@id\":\"https:\/\/www.biadvisory.be\/#website\",\"url\":\"https:\/\/www.biadvisory.be\/\",\"name\":\"BI Advisory\",\"description\":\"Corporate Finance Services and AI Solutions\",\"publisher\":{\"@id\":\"https:\/\/www.biadvisory.be\/#organization\"},\"potentialAction\":[{\"@type\":\"SearchAction\",\"target\":{\"@type\":\"EntryPoint\",\"urlTemplate\":\"https:\/\/www.biadvisory.be\/?s={search_term_string}\"},\"query-input\":{\"@type\":\"PropertyValueSpecification\",\"valueRequired\":true,\"valueName\":\"search_term_string\"}}],\"inLanguage\":\"de\"},{\"@type\":\"Organization\",\"@id\":\"https:\/\/www.biadvisory.be\/#organization\",\"name\":\"BI Advisory\",\"url\":\"https:\/\/www.biadvisory.be\/\",\"logo\":{\"@type\":\"ImageObject\",\"inLanguage\":\"de\",\"@id\":\"https:\/\/www.biadvisory.be\/#\/schema\/logo\/image\/\",\"url\":\"https:\/\/www.biadvisory.be\/wp-content\/uploads\/2023\/05\/Logo-BI-ADVISORY.jpg\",\"contentUrl\":\"https:\/\/www.biadvisory.be\/wp-content\/uploads\/2023\/05\/Logo-BI-ADVISORY.jpg\",\"width\":1447,\"height\":1053,\"caption\":\"BI Advisory\"},\"image\":{\"@id\":\"https:\/\/www.biadvisory.be\/#\/schema\/logo\/image\/\"},\"sameAs\":[\"https:\/\/www.facebook.com\/business.iConsulting\/\",\"https:\/\/x.com\/BI_ADVISORY\",\"https:\/\/www.linkedin.com\/company\/2912164\"]}]}<\/script>\n<!-- \/ Yoast SEO Premium plugin. -->","yoast_head_json":{"title":"Anbieter von Finanzberichten | KI- und Agentenl\u00f6sungen","description":"BI ADVISORY ist ein belgisches Unternehmensberatungsunternehmen, das Unternehmen Dienstleistungen und L\u00f6sungen in den Bereichen Finanzberichterstattung und KI-L\u00f6sungen anbietet.","robots":{"index":"index","follow":"follow","max-snippet":"max-snippet:-1","max-image-preview":"max-image-preview:large","max-video-preview":"max-video-preview:-1"},"canonical":"https:\/\/www.biadvisory.be\/de\/","og_locale":"de_DE","og_type":"article","og_title":"Startseite","og_description":"BI ADVISORY ist ein belgisches Unternehmensberatungsunternehmen, das Unternehmen Dienstleistungen und L\u00f6sungen in den Bereichen Finanzberichterstattung und KI-L\u00f6sungen anbietet.","og_url":"https:\/\/www.biadvisory.be\/de\/","og_site_name":"BI ADVISORY","article_publisher":"https:\/\/www.facebook.com\/business.iConsulting\/","article_modified_time":"2025-08-25T07:12:27+00:00","og_image":[{"url":"https:\/\/www.biadvisory.be\/wp-content\/uploads\/2025\/07\/building-perspective-skyscraper-corporate-5f3adecab3dcd4d56ec745d9e4606751-1024x683.jpg","type":"","width":"","height":""}],"twitter_card":"summary_large_image","twitter_site":"@BI_ADVISORY","twitter_misc":{"Gesch\u00e4tzte Lesezeit":"1\u00a0Minute"},"schema":{"@context":"https:\/\/schema.org","@graph":[{"@type":"WebPage","@id":"https:\/\/www.biadvisory.be\/de\/","url":"https:\/\/www.biadvisory.be\/de\/","name":"Anbieter von Finanzberichten | KI- und Agentenl\u00f6sungen","isPartOf":{"@id":"https:\/\/www.biadvisory.be\/#website"},"primaryImageOfPage":{"@id":"https:\/\/www.biadvisory.be\/de\/#primaryimage"},"image":{"@id":"https:\/\/www.biadvisory.be\/de\/#primaryimage"},"thumbnailUrl":"https:\/\/www.biadvisory.be\/wp-content\/uploads\/2025\/07\/building-perspective-skyscraper-corporate-5f3adecab3dcd4d56ec745d9e4606751-1024x683.jpg","datePublished":"2025-08-18T12:39:17+00:00","dateModified":"2025-08-25T07:12:27+00:00","description":"BI ADVISORY ist ein belgisches Unternehmensberatungsunternehmen, das Unternehmen Dienstleistungen und L\u00f6sungen in den Bereichen Finanzberichterstattung und KI-L\u00f6sungen anbietet.","breadcrumb":{"@id":"https:\/\/www.biadvisory.be\/de\/#breadcrumb"},"inLanguage":"de","potentialAction":[{"@type":"ReadAction","target":["https:\/\/www.biadvisory.be\/de\/"]}]},{"@type":"ImageObject","inLanguage":"de","@id":"https:\/\/www.biadvisory.be\/de\/#primaryimage","url":"https:\/\/www.biadvisory.be\/wp-content\/uploads\/2025\/07\/building-perspective-skyscraper-corporate-5f3adecab3dcd4d56ec745d9e4606751-1024x683.jpg","contentUrl":"https:\/\/www.biadvisory.be\/wp-content\/uploads\/2025\/07\/building-perspective-skyscraper-corporate-5f3adecab3dcd4d56ec745d9e4606751-1024x683.jpg"},{"@type":"BreadcrumbList","@id":"https:\/\/www.biadvisory.be\/de\/#breadcrumb","itemListElement":[{"@type":"ListItem","position":1,"name":"Home","item":"https:\/\/www.biadvisory.be\/de\/"},{"@type":"ListItem","position":2,"name":"Startseite"}]},{"@type":"WebSite","@id":"https:\/\/www.biadvisory.be\/#website","url":"https:\/\/www.biadvisory.be\/","name":"BI Advisory","description":"Corporate Finance Services and AI Solutions","publisher":{"@id":"https:\/\/www.biadvisory.be\/#organization"},"potentialAction":[{"@type":"SearchAction","target":{"@type":"EntryPoint","urlTemplate":"https:\/\/www.biadvisory.be\/?s={search_term_string}"},"query-input":{"@type":"PropertyValueSpecification","valueRequired":true,"valueName":"search_term_string"}}],"inLanguage":"de"},{"@type":"Organization","@id":"https:\/\/www.biadvisory.be\/#organization","name":"BI Advisory","url":"https:\/\/www.biadvisory.be\/","logo":{"@type":"ImageObject","inLanguage":"de","@id":"https:\/\/www.biadvisory.be\/#\/schema\/logo\/image\/","url":"https:\/\/www.biadvisory.be\/wp-content\/uploads\/2023\/05\/Logo-BI-ADVISORY.jpg","contentUrl":"https:\/\/www.biadvisory.be\/wp-content\/uploads\/2023\/05\/Logo-BI-ADVISORY.jpg","width":1447,"height":1053,"caption":"BI Advisory"},"image":{"@id":"https:\/\/www.biadvisory.be\/#\/schema\/logo\/image\/"},"sameAs":["https:\/\/www.facebook.com\/business.iConsulting\/","https:\/\/x.com\/BI_ADVISORY","https:\/\/www.linkedin.com\/company\/2912164"]}]}},"_links":{"self":[{"href":"https:\/\/www.biadvisory.be\/de\/wp-json\/wp\/v2\/pages\/5880","targetHints":{"allow":["GET"]}}],"collection":[{"href":"https:\/\/www.biadvisory.be\/de\/wp-json\/wp\/v2\/pages"}],"about":[{"href":"https:\/\/www.biadvisory.be\/de\/wp-json\/wp\/v2\/types\/page"}],"author":[{"embeddable":true,"href":"https:\/\/www.biadvisory.be\/de\/wp-json\/wp\/v2\/users\/1"}],"replies":[{"embeddable":true,"href":"https:\/\/www.biadvisory.be\/de\/wp-json\/wp\/v2\/comments?post=5880"}],"version-history":[{"count":3,"href":"https:\/\/www.biadvisory.be\/de\/wp-json\/wp\/v2\/pages\/5880\/revisions"}],"predecessor-version":[{"id":5998,"href":"https:\/\/www.biadvisory.be\/de\/wp-json\/wp\/v2\/pages\/5880\/revisions\/5998"}],"wp:attachment":[{"href":"https:\/\/www.biadvisory.be\/de\/wp-json\/wp\/v2\/media?parent=5880"}],"curies":[{"name":"wp","href":"https:\/\/api.w.org\/{rel}","templated":true}]}}