{"id":5884,"date":"2025-08-18T15:55:38","date_gmt":"2025-08-18T14:55:38","guid":{"rendered":"https:\/\/www.biadvisory.be\/broschuere\/"},"modified":"2025-08-18T15:55:39","modified_gmt":"2025-08-18T14:55:39","slug":"broschuere","status":"publish","type":"page","link":"https:\/\/www.biadvisory.be\/de\/broschuere\/","title":{"rendered":"Brosch\u00fcre"},"content":{"rendered":"<div class=\"wp-block-group\">\n<div class=\"wp-block-group__inner-container is-layout-constrained wp-block-group-is-layout-constrained\">\n<div style=\"height:40px\" aria-hidden=\"true\" class=\"wp-block-spacer\"><\/div>\n<h1 class=\"wp-block-heading has-text-align-center\">Brosch\u00fcre<\/h1>\n<hr class=\"wp-block-separator has-alpha-channel-opacity Half\"\/>\n<figure class=\"wp-block-video\"><video height=\"1080\" style=\"aspect-ratio: 1920 \/ 1080;\" width=\"1920\" autoplay=\"\" controls=\"\" muted=\"\" src=\"http:\/\/www.biadvisory.be\/wp-content\/uploads\/2025\/03\/BI-ADVISORY-Presentation-2023-2.mp4\"><\/video><\/figure>\n<\/div>\n<\/div>\n","protected":false},"excerpt":{"rendered":"<p>Brosch\u00fcre<\/p>\n","protected":false},"author":1,"featured_media":0,"parent":0,"menu_order":0,"comment_status":"closed","ping_status":"closed","template":"","meta":{"footnotes":""},"class_list":["post-5884","page","type-page","status-publish","hentry"],"yoast_head":"<!-- This site is optimized with the Yoast SEO Premium plugin v24.7 (Yoast SEO v26.7) - https:\/\/yoast.com\/wordpress\/plugins\/seo\/ -->\n<title>Brosch\u00fcre |<\/title>\n<meta name=\"description\" content=\"Laden Sie unsere neuesten BI ADVISORY-Brosch\u00fcren herunter und entdecken Sie, wie unsere KI-L\u00f6sungen und unser Finanz-Know-how Ihnen messbare Auswirkungen verschaffen.\" \/>\n<meta name=\"robots\" content=\"index, follow, max-snippet:-1, max-image-preview:large, max-video-preview:-1\" \/>\n<link rel=\"canonical\" href=\"https:\/\/www.biadvisory.be\/de\/broschuere\/\" \/>\n<meta property=\"og:locale\" content=\"de_DE\" \/>\n<meta property=\"og:type\" content=\"article\" \/>\n<meta property=\"og:title\" content=\"Brosch\u00fcre\" \/>\n<meta property=\"og:description\" content=\"Laden Sie unsere neuesten BI ADVISORY-Brosch\u00fcren herunter und entdecken Sie, wie unsere KI-L\u00f6sungen und unser Finanz-Know-how Ihnen messbare Auswirkungen verschaffen.\" \/>\n<meta property=\"og:url\" content=\"https:\/\/www.biadvisory.be\/de\/broschuere\/\" \/>\n<meta property=\"og:site_name\" content=\"BI ADVISORY\" \/>\n<meta property=\"article:publisher\" content=\"https:\/\/www.facebook.com\/business.iConsulting\/\" \/>\n<meta property=\"article:modified_time\" content=\"2025-08-18T14:55:39+00:00\" \/>\n<meta property=\"og:image\" content=\"https:\/\/www.biadvisory.be\/wp-content\/uploads\/2016\/06\/Logo-BI-ADVISORY-2.jpg\" \/>\n\t<meta property=\"og:image:width\" content=\"1447\" \/>\n\t<meta property=\"og:image:height\" content=\"1053\" \/>\n\t<meta property=\"og:image:type\" content=\"image\/jpeg\" \/>\n<meta name=\"twitter:card\" content=\"summary_large_image\" \/>\n<meta name=\"twitter:site\" content=\"@BI_ADVISORY\" \/>\n<script type=\"application\/ld+json\" class=\"yoast-schema-graph\">{\"@context\":\"https:\/\/schema.org\",\"@graph\":[{\"@type\":\"WebPage\",\"@id\":\"https:\/\/www.biadvisory.be\/de\/broschuere\/\",\"url\":\"https:\/\/www.biadvisory.be\/de\/broschuere\/\",\"name\":\"Brosch\u00fcre |\",\"isPartOf\":{\"@id\":\"https:\/\/www.biadvisory.be\/#website\"},\"datePublished\":\"2025-08-18T14:55:38+00:00\",\"dateModified\":\"2025-08-18T14:55:39+00:00\",\"description\":\"Laden Sie unsere neuesten BI ADVISORY-Brosch\u00fcren herunter und entdecken Sie, wie unsere KI-L\u00f6sungen und unser Finanz-Know-how Ihnen messbare Auswirkungen verschaffen.\",\"breadcrumb\":{\"@id\":\"https:\/\/www.biadvisory.be\/de\/broschuere\/#breadcrumb\"},\"inLanguage\":\"de\",\"potentialAction\":[{\"@type\":\"ReadAction\",\"target\":[\"https:\/\/www.biadvisory.be\/de\/broschuere\/\"]}]},{\"@type\":\"BreadcrumbList\",\"@id\":\"https:\/\/www.biadvisory.be\/de\/broschuere\/#breadcrumb\",\"itemListElement\":[{\"@type\":\"ListItem\",\"position\":1,\"name\":\"Home\",\"item\":\"https:\/\/www.biadvisory.be\/de\/\"},{\"@type\":\"ListItem\",\"position\":2,\"name\":\"Brosch\u00fcre\"}]},{\"@type\":\"WebSite\",\"@id\":\"https:\/\/www.biadvisory.be\/#website\",\"url\":\"https:\/\/www.biadvisory.be\/\",\"name\":\"BI Advisory\",\"description\":\"Corporate Finance Services and AI Solutions\",\"publisher\":{\"@id\":\"https:\/\/www.biadvisory.be\/#organization\"},\"potentialAction\":[{\"@type\":\"SearchAction\",\"target\":{\"@type\":\"EntryPoint\",\"urlTemplate\":\"https:\/\/www.biadvisory.be\/?s={search_term_string}\"},\"query-input\":{\"@type\":\"PropertyValueSpecification\",\"valueRequired\":true,\"valueName\":\"search_term_string\"}}],\"inLanguage\":\"de\"},{\"@type\":\"Organization\",\"@id\":\"https:\/\/www.biadvisory.be\/#organization\",\"name\":\"BI Advisory\",\"url\":\"https:\/\/www.biadvisory.be\/\",\"logo\":{\"@type\":\"ImageObject\",\"inLanguage\":\"de\",\"@id\":\"https:\/\/www.biadvisory.be\/#\/schema\/logo\/image\/\",\"url\":\"https:\/\/www.biadvisory.be\/wp-content\/uploads\/2023\/05\/Logo-BI-ADVISORY.jpg\",\"contentUrl\":\"https:\/\/www.biadvisory.be\/wp-content\/uploads\/2023\/05\/Logo-BI-ADVISORY.jpg\",\"width\":1447,\"height\":1053,\"caption\":\"BI Advisory\"},\"image\":{\"@id\":\"https:\/\/www.biadvisory.be\/#\/schema\/logo\/image\/\"},\"sameAs\":[\"https:\/\/www.facebook.com\/business.iConsulting\/\",\"https:\/\/x.com\/BI_ADVISORY\",\"https:\/\/www.linkedin.com\/company\/2912164\"]}]}<\/script>\n<!-- \/ Yoast SEO Premium plugin. -->","yoast_head_json":{"title":"Brosch\u00fcre |","description":"Laden Sie unsere neuesten BI ADVISORY-Brosch\u00fcren herunter und entdecken Sie, wie unsere KI-L\u00f6sungen und unser Finanz-Know-how Ihnen messbare Auswirkungen verschaffen.","robots":{"index":"index","follow":"follow","max-snippet":"max-snippet:-1","max-image-preview":"max-image-preview:large","max-video-preview":"max-video-preview:-1"},"canonical":"https:\/\/www.biadvisory.be\/de\/broschuere\/","og_locale":"de_DE","og_type":"article","og_title":"Brosch\u00fcre","og_description":"Laden Sie unsere neuesten BI ADVISORY-Brosch\u00fcren herunter und entdecken Sie, wie unsere KI-L\u00f6sungen und unser Finanz-Know-how Ihnen messbare Auswirkungen verschaffen.","og_url":"https:\/\/www.biadvisory.be\/de\/broschuere\/","og_site_name":"BI ADVISORY","article_publisher":"https:\/\/www.facebook.com\/business.iConsulting\/","article_modified_time":"2025-08-18T14:55:39+00:00","og_image":[{"width":1447,"height":1053,"url":"https:\/\/www.biadvisory.be\/wp-content\/uploads\/2016\/06\/Logo-BI-ADVISORY-2.jpg","type":"image\/jpeg"}],"twitter_card":"summary_large_image","twitter_site":"@BI_ADVISORY","schema":{"@context":"https:\/\/schema.org","@graph":[{"@type":"WebPage","@id":"https:\/\/www.biadvisory.be\/de\/broschuere\/","url":"https:\/\/www.biadvisory.be\/de\/broschuere\/","name":"Brosch\u00fcre |","isPartOf":{"@id":"https:\/\/www.biadvisory.be\/#website"},"datePublished":"2025-08-18T14:55:38+00:00","dateModified":"2025-08-18T14:55:39+00:00","description":"Laden Sie unsere neuesten BI ADVISORY-Brosch\u00fcren herunter und entdecken Sie, wie unsere KI-L\u00f6sungen und unser Finanz-Know-how Ihnen messbare Auswirkungen verschaffen.","breadcrumb":{"@id":"https:\/\/www.biadvisory.be\/de\/broschuere\/#breadcrumb"},"inLanguage":"de","potentialAction":[{"@type":"ReadAction","target":["https:\/\/www.biadvisory.be\/de\/broschuere\/"]}]},{"@type":"BreadcrumbList","@id":"https:\/\/www.biadvisory.be\/de\/broschuere\/#breadcrumb","itemListElement":[{"@type":"ListItem","position":1,"name":"Home","item":"https:\/\/www.biadvisory.be\/de\/"},{"@type":"ListItem","position":2,"name":"Brosch\u00fcre"}]},{"@type":"WebSite","@id":"https:\/\/www.biadvisory.be\/#website","url":"https:\/\/www.biadvisory.be\/","name":"BI Advisory","description":"Corporate Finance Services and AI Solutions","publisher":{"@id":"https:\/\/www.biadvisory.be\/#organization"},"potentialAction":[{"@type":"SearchAction","target":{"@type":"EntryPoint","urlTemplate":"https:\/\/www.biadvisory.be\/?s={search_term_string}"},"query-input":{"@type":"PropertyValueSpecification","valueRequired":true,"valueName":"search_term_string"}}],"inLanguage":"de"},{"@type":"Organization","@id":"https:\/\/www.biadvisory.be\/#organization","name":"BI Advisory","url":"https:\/\/www.biadvisory.be\/","logo":{"@type":"ImageObject","inLanguage":"de","@id":"https:\/\/www.biadvisory.be\/#\/schema\/logo\/image\/","url":"https:\/\/www.biadvisory.be\/wp-content\/uploads\/2023\/05\/Logo-BI-ADVISORY.jpg","contentUrl":"https:\/\/www.biadvisory.be\/wp-content\/uploads\/2023\/05\/Logo-BI-ADVISORY.jpg","width":1447,"height":1053,"caption":"BI Advisory"},"image":{"@id":"https:\/\/www.biadvisory.be\/#\/schema\/logo\/image\/"},"sameAs":["https:\/\/www.facebook.com\/business.iConsulting\/","https:\/\/x.com\/BI_ADVISORY","https:\/\/www.linkedin.com\/company\/2912164"]}]}},"_links":{"self":[{"href":"https:\/\/www.biadvisory.be\/de\/wp-json\/wp\/v2\/pages\/5884","targetHints":{"allow":["GET"]}}],"collection":[{"href":"https:\/\/www.biadvisory.be\/de\/wp-json\/wp\/v2\/pages"}],"about":[{"href":"https:\/\/www.biadvisory.be\/de\/wp-json\/wp\/v2\/types\/page"}],"author":[{"embeddable":true,"href":"https:\/\/www.biadvisory.be\/de\/wp-json\/wp\/v2\/users\/1"}],"replies":[{"embeddable":true,"href":"https:\/\/www.biadvisory.be\/de\/wp-json\/wp\/v2\/comments?post=5884"}],"version-history":[{"count":1,"href":"https:\/\/www.biadvisory.be\/de\/wp-json\/wp\/v2\/pages\/5884\/revisions"}],"predecessor-version":[{"id":5885,"href":"https:\/\/www.biadvisory.be\/de\/wp-json\/wp\/v2\/pages\/5884\/revisions\/5885"}],"wp:attachment":[{"href":"https:\/\/www.biadvisory.be\/de\/wp-json\/wp\/v2\/media?parent=5884"}],"curies":[{"name":"wp","href":"https:\/\/api.w.org\/{rel}","templated":true}]}}