{"id":5892,"date":"2025-08-19T15:32:15","date_gmt":"2025-08-19T14:32:15","guid":{"rendered":"https:\/\/www.biadvisory.be\/unsere-expertise\/"},"modified":"2025-08-25T08:15:36","modified_gmt":"2025-08-25T07:15:36","slug":"unsere-expertise","status":"publish","type":"page","link":"https:\/\/www.biadvisory.be\/de\/unsere-expertise\/","title":{"rendered":"Unsere Expertise"},"content":{"rendered":"<div class=\"wp-block-group container\">\n<div class=\"wp-block-group__inner-container is-layout-constrained wp-block-group-is-layout-constrained\">\n<div style=\"height:40px\" aria-hidden=\"true\" class=\"wp-block-spacer\"><\/div>\n<h1 class=\"wp-block-heading has-text-align-center\">Unsere Expertise<\/h1>\n<hr class=\"wp-block-separator has-alpha-channel-opacity Half\"\/>\n<p class=\"has-text-align-center\">BI ADVISORY bietet Unternehmen und Organisationen eine einzigartige Leistungskombination. Wir verf\u00fcgen \u00fcber die n\u00f6tige Expertise, um Ihre <strong>Konsolidierungsabschl\u00fcsse<\/strong> und die <strong>Finanzberichterstattung<\/strong> zu \u00fcbernehmen. Unsere Berater verf\u00fcgen \u00fcber das n\u00f6tige Know-how und geben ihre umfassende Praxiserfahrung gerne weiter. Wir arbeiten haupts\u00e4chlich f\u00fcr gro\u00dfe und mittelst\u00e4ndische Unternehmen sowie Finanzinstitute.   <\/p>\n<div style=\"height:40px\" aria-hidden=\"true\" class=\"wp-block-spacer\"><\/div>\n<\/div>\n<\/div>\n<div class=\"wp-block-cover\" style=\"min-height:160px;aspect-ratio:unset;\"><img loading=\"lazy\" decoding=\"async\" width=\"1024\" height=\"123\" class=\"wp-block-cover__image-background wp-image-5106 size-large lazyload\" alt=\"\" src=\"data:image\/gif;base64,R0lGODlhAQABAAAAACH5BAEKAAEALAAAAAABAAEAAAICTAEAOw==\" data-object-fit=\"cover\" sizes=\"auto, (max-width: 1024px) 100vw, 1024px\" data-src=\"https:\/\/www.biadvisory.be\/wp-content\/uploads\/2025\/07\/AreasExpertiseBG-1024x123.jpg\" data-srcset=\"https:\/\/www.biadvisory.be\/wp-content\/uploads\/2025\/07\/AreasExpertiseBG-1024x123.jpg 1024w, https:\/\/www.biadvisory.be\/wp-content\/uploads\/2025\/07\/AreasExpertiseBG-300x36.jpg 300w, https:\/\/www.biadvisory.be\/wp-content\/uploads\/2025\/07\/AreasExpertiseBG-768x92.jpg 768w, https:\/\/www.biadvisory.be\/wp-content\/uploads\/2025\/07\/AreasExpertiseBG.jpg 1400w\"><span aria-hidden=\"true\" class=\"wp-block-cover__background has-background-dim\" style=\"background-color:#3a3736\"><\/span><\/p>\n<div class=\"wp-block-cover__inner-container is-layout-constrained wp-block-cover-is-layout-constrained\">\n<p class=\"has-text-align-center has-large-font-size\">Nachfolgend sind unsere Fachgebiete auf einen Blick aufgef\u00fchrt<\/p>\n<\/div>\n<\/div>\n<div style=\"height:80px\" aria-hidden=\"true\" class=\"wp-block-spacer\"><\/div>\n<div class=\"wp-block-group container\">\n<div class=\"wp-block-group__inner-container is-layout-constrained wp-block-group-is-layout-constrained\">\n<div class=\"wp-block-group is-layout-grid wp-container-core-group-is-layout-baef362d wp-block-group-is-layout-grid\">\n<div class=\"wp-block-group MaxWidth80\">\n<div class=\"wp-block-group__inner-container is-layout-constrained wp-block-group-is-layout-constrained\">\n<div class=\"wp-block-image is-style-rounded\">\n<figure class=\"aligncenter size-full is-resized\"><a href=\"https:\/\/www.biadvisory.be\/wp-content\/uploads\/2025\/07\/ServicesIcons_Reporting.png\"><img loading=\"lazy\" decoding=\"async\" width=\"165\" height=\"164\" src=\"data:image\/gif;base64,R0lGODlhAQABAAAAACH5BAEKAAEALAAAAAABAAEAAAICTAEAOw==\" alt=\"\" class=\"wp-image-5110 lazyload\" style=\"width:80px\" sizes=\"auto, (max-width: 165px) 100vw, 165px\" data-src=\"https:\/\/www.biadvisory.be\/wp-content\/uploads\/2025\/07\/ServicesIcons_Reporting.png\" data-srcset=\"https:\/\/www.biadvisory.be\/wp-content\/uploads\/2025\/07\/ServicesIcons_Reporting.png 165w, https:\/\/www.biadvisory.be\/wp-content\/uploads\/2025\/07\/ServicesIcons_Reporting-150x150.png 150w\"><\/a><\/figure>\n<\/div>\n<h4 class=\"wp-block-heading has-text-align-center\">Reporting &amp; Konsolidierung<\/h4>\n<p class=\"has-text-align-center has-small-font-size\">Heutige <strong>Finanzkonsolidierungsprozesse<\/strong> sind komplex und k\u00f6nnen zeit- und ressourcenintensiv sein, wenn sie nicht durch effiziente Arbeitsprozesse gesteuert werden. Wir unterst\u00fctzen unsere Kunden beim Abschluss der Konsolidierung (konzerninterne Abstimmungen, Empfang lokaler Pakete und Buchung zentraler Anpassungen nach IFRS\/IAS, US-GAAP usw.) und beim Berichtsprozess, z. B. beim monatlichen Management-Reporting oder bei der Erstellung des Jahresberichts.  <\/p>\n<\/div>\n<\/div>\n<div class=\"wp-block-group MaxWidth80\">\n<div class=\"wp-block-group__inner-container is-layout-constrained wp-block-group-is-layout-constrained\">\n<div class=\"wp-block-image is-style-rounded\">\n<figure class=\"aligncenter size-full is-resized\"><a href=\"https:\/\/www.biadvisory.be\/wp-content\/uploads\/2025\/07\/ServicesIcons_Implementation.png\"><img loading=\"lazy\" decoding=\"async\" width=\"165\" height=\"164\" src=\"data:image\/gif;base64,R0lGODlhAQABAAAAACH5BAEKAAEALAAAAAABAAEAAAICTAEAOw==\" alt=\"\" class=\"wp-image-5111 lazyload\" style=\"width:80px\" sizes=\"auto, (max-width: 165px) 100vw, 165px\" data-src=\"https:\/\/www.biadvisory.be\/wp-content\/uploads\/2025\/07\/ServicesIcons_Implementation.png\" data-srcset=\"https:\/\/www.biadvisory.be\/wp-content\/uploads\/2025\/07\/ServicesIcons_Implementation.png 165w, https:\/\/www.biadvisory.be\/wp-content\/uploads\/2025\/07\/ServicesIcons_Implementation-150x150.png 150w\"><\/a><\/figure>\n<\/div>\n<h4 class=\"wp-block-heading has-text-align-center\">Implementierung eines Konsolidierungssystems<\/h4>\n<p class=\"has-text-align-center has-small-font-size\">Ein <strong>Konsolidierungssystem<\/strong>, das die Berichts- und Konsolidierungsprozesse des Unternehmens unterst\u00fctzt, ist entscheidend f\u00fcr den Erfolg der Berichterstattung. Wir beraten unsere Kunden objektiv bei der Auswahl des optimalen Systems, das ihren Anforderungen optimal entspricht, implementieren das System\/die Anwendung funktional, fungieren als Br\u00fccke zwischen Finanzen und IT und bieten Unterst\u00fctzung, wo immer sie ben\u00f6tigt wird. <\/p>\n<\/div>\n<\/div>\n<div class=\"wp-block-group MaxWidth80\">\n<div class=\"wp-block-group__inner-container is-layout-constrained wp-block-group-is-layout-constrained\">\n<div class=\"wp-block-image is-style-rounded\">\n<figure class=\"aligncenter size-full is-resized\"><a href=\"https:\/\/www.biadvisory.be\/wp-content\/uploads\/2025\/07\/ServicesIcons_ProjectManagement.png\"><img loading=\"lazy\" decoding=\"async\" width=\"165\" height=\"164\" src=\"data:image\/gif;base64,R0lGODlhAQABAAAAACH5BAEKAAEALAAAAAABAAEAAAICTAEAOw==\" alt=\"\" class=\"wp-image-5112 lazyload\" style=\"width:80px\" sizes=\"auto, (max-width: 165px) 100vw, 165px\" data-src=\"https:\/\/www.biadvisory.be\/wp-content\/uploads\/2025\/07\/ServicesIcons_ProjectManagement.png\" data-srcset=\"https:\/\/www.biadvisory.be\/wp-content\/uploads\/2025\/07\/ServicesIcons_ProjectManagement.png 165w, https:\/\/www.biadvisory.be\/wp-content\/uploads\/2025\/07\/ServicesIcons_ProjectManagement-150x150.png 150w\"><\/a><\/figure>\n<\/div>\n<h4 class=\"wp-block-heading has-text-align-center\">Projektmanagement<\/h4>\n<p class=\"has-text-align-center has-small-font-size\">Wir wenden eine strukturierte <strong>Projektmanagementmethode<\/strong> an, die auf Erfahrungen aus mehreren Projekten basiert und unseren Kunden Transparenz und Vertrauen in jeden Schritt ihres Projekts bietet.<\/p>\n<\/div>\n<\/div>\n<div class=\"wp-block-group MaxWidth80\">\n<div class=\"wp-block-group__inner-container is-layout-constrained wp-block-group-is-layout-constrained\">\n<div class=\"wp-block-image is-style-rounded\">\n<figure class=\"aligncenter size-full is-resized\"><a href=\"https:\/\/www.biadvisory.be\/wp-content\/uploads\/2025\/07\/ServicesIcons_FunctionalAnalysis.png\"><img loading=\"lazy\" decoding=\"async\" width=\"165\" height=\"164\" src=\"data:image\/gif;base64,R0lGODlhAQABAAAAACH5BAEKAAEALAAAAAABAAEAAAICTAEAOw==\" alt=\"\" class=\"wp-image-5113 lazyload\" style=\"width:80px\" sizes=\"auto, (max-width: 165px) 100vw, 165px\" data-src=\"https:\/\/www.biadvisory.be\/wp-content\/uploads\/2025\/07\/ServicesIcons_FunctionalAnalysis.png\" data-srcset=\"https:\/\/www.biadvisory.be\/wp-content\/uploads\/2025\/07\/ServicesIcons_FunctionalAnalysis.png 165w, https:\/\/www.biadvisory.be\/wp-content\/uploads\/2025\/07\/ServicesIcons_FunctionalAnalysis-150x150.png 150w\"><\/a><\/figure>\n<\/div>\n<h4 class=\"wp-block-heading has-text-align-center\">Regulatorisches Meldewesen<\/h4>\n<p class=\"has-text-align-center has-small-font-size\">Wir unterst\u00fctzen unsere Kunden bei der Meldung ihrer regulatorischen Berichterstattung (COREP, FINREP, ASSET ENCUMBRANCE) und aktualisieren ihr <strong>regulatorisches<\/strong> Berichtssystem gem\u00e4\u00df der neuesten verf\u00fcgbaren Taxonomie.<\/p>\n<\/div>\n<\/div>\n<\/div>\n<\/div>\n<\/div>\n<div style=\"height:80px\" aria-hidden=\"true\" class=\"wp-block-spacer\"><\/div>\n<div class=\"wp-block-group has-background\" style=\"background-color:#ecf0f1\">\n<div class=\"wp-block-group__inner-container is-layout-constrained wp-block-group-is-layout-constrained\">\n<div class=\"wp-block-group\">\n<div class=\"wp-block-group__inner-container is-layout-constrained wp-block-group-is-layout-constrained\">\n<div style=\"height:40px\" aria-hidden=\"true\" class=\"wp-block-spacer\"><\/div>\n<h3 class=\"wp-block-heading has-text-align-center\">Wenn Sie an unserer Expertise interessiert sind, lassen Sie es uns wissen.<\/h3>\n<div style=\"height:20px\" aria-hidden=\"true\" class=\"wp-block-spacer\"><\/div>\n<div class=\"wp-block-buttons is-content-justification-center is-layout-flex wp-container-core-buttons-is-layout-16018d1d wp-block-buttons-is-layout-flex\">\n<div class=\"wp-block-button\"><a class=\"wp-block-button__link has-text-align-center wp-element-button\" href=\"https:\/\/www.biadvisory.be\/de\/kontaktieren-sie-uns\/\">Kontaktieren Sie uns<\/a><\/div>\n<\/div>\n<div style=\"height:40px\" aria-hidden=\"true\" class=\"wp-block-spacer\"><\/div>\n<\/div>\n<\/div>\n<\/div>\n<\/div>\n","protected":false},"excerpt":{"rendered":"<p>Unsere Expertise BI ADVISORY bietet Unternehmen und Organisationen eine einzigartige Leistungskombination. Wir verf\u00fcgen \u00fcber die n\u00f6tige Expertise, um Ihre Konsolidierungsabschl\u00fcsse und die Finanzberichterstattung zu \u00fcbernehmen. Unsere Berater verf\u00fcgen \u00fcber das n\u00f6tige Know-how und geben ihre umfassende Praxiserfahrung gerne weiter. Wir arbeiten haupts\u00e4chlich f\u00fcr gro\u00dfe und mittelst\u00e4ndische Unternehmen sowie Finanzinstitute. Reporting &amp; Konsolidierung Heutige Finanzkonsolidierungsprozesse sind [&hellip;]<\/p>\n","protected":false},"author":1,"featured_media":0,"parent":0,"menu_order":0,"comment_status":"closed","ping_status":"closed","template":"","meta":{"footnotes":""},"class_list":["post-5892","page","type-page","status-publish","hentry"],"yoast_head":"<!-- This site is optimized with the Yoast SEO Premium plugin v24.7 (Yoast SEO v26.7) - https:\/\/yoast.com\/wordpress\/plugins\/seo\/ -->\n<title>Unsere Expertise |<\/title>\n<meta name=\"description\" content=\"Entdecken Sie, wie BI ADVISORY umfassende Finanzexpertise mit KI-Innovation kombiniert, um die Finanzprozesse in Ihrem gesamten Unternehmen zu optimieren.\" \/>\n<meta name=\"robots\" content=\"index, follow, max-snippet:-1, max-image-preview:large, max-video-preview:-1\" \/>\n<link rel=\"canonical\" href=\"https:\/\/www.biadvisory.be\/de\/unsere-expertise\/\" \/>\n<meta property=\"og:locale\" content=\"de_DE\" \/>\n<meta property=\"og:type\" content=\"article\" \/>\n<meta property=\"og:title\" content=\"Unsere Expertise\" \/>\n<meta property=\"og:description\" content=\"Entdecken Sie, wie BI ADVISORY umfassende Finanzexpertise mit KI-Innovation kombiniert, um die Finanzprozesse in Ihrem gesamten Unternehmen zu optimieren.\" \/>\n<meta property=\"og:url\" content=\"https:\/\/www.biadvisory.be\/de\/unsere-expertise\/\" \/>\n<meta property=\"og:site_name\" content=\"BI ADVISORY\" \/>\n<meta property=\"article:publisher\" content=\"https:\/\/www.facebook.com\/business.iConsulting\/\" \/>\n<meta property=\"article:modified_time\" content=\"2025-08-25T07:15:36+00:00\" \/>\n<meta property=\"og:image\" content=\"https:\/\/www.biadvisory.be\/wp-content\/uploads\/2025\/07\/AreasExpertiseBG-1024x123.jpg\" \/>\n<meta name=\"twitter:card\" content=\"summary_large_image\" \/>\n<meta name=\"twitter:site\" content=\"@BI_ADVISORY\" \/>\n<meta name=\"twitter:label1\" content=\"Gesch\u00e4tzte Lesezeit\" \/>\n\t<meta name=\"twitter:data1\" content=\"1\u00a0Minute\" \/>\n<script type=\"application\/ld+json\" class=\"yoast-schema-graph\">{\"@context\":\"https:\/\/schema.org\",\"@graph\":[{\"@type\":\"WebPage\",\"@id\":\"https:\/\/www.biadvisory.be\/de\/unsere-expertise\/\",\"url\":\"https:\/\/www.biadvisory.be\/de\/unsere-expertise\/\",\"name\":\"Unsere Expertise |\",\"isPartOf\":{\"@id\":\"https:\/\/www.biadvisory.be\/#website\"},\"primaryImageOfPage\":{\"@id\":\"https:\/\/www.biadvisory.be\/de\/unsere-expertise\/#primaryimage\"},\"image\":{\"@id\":\"https:\/\/www.biadvisory.be\/de\/unsere-expertise\/#primaryimage\"},\"thumbnailUrl\":\"https:\/\/www.biadvisory.be\/wp-content\/uploads\/2025\/07\/AreasExpertiseBG-1024x123.jpg\",\"datePublished\":\"2025-08-19T14:32:15+00:00\",\"dateModified\":\"2025-08-25T07:15:36+00:00\",\"description\":\"Entdecken Sie, wie BI ADVISORY umfassende Finanzexpertise mit KI-Innovation kombiniert, um die Finanzprozesse in Ihrem gesamten Unternehmen zu optimieren.\",\"breadcrumb\":{\"@id\":\"https:\/\/www.biadvisory.be\/de\/unsere-expertise\/#breadcrumb\"},\"inLanguage\":\"de\",\"potentialAction\":[{\"@type\":\"ReadAction\",\"target\":[\"https:\/\/www.biadvisory.be\/de\/unsere-expertise\/\"]}]},{\"@type\":\"ImageObject\",\"inLanguage\":\"de\",\"@id\":\"https:\/\/www.biadvisory.be\/de\/unsere-expertise\/#primaryimage\",\"url\":\"https:\/\/www.biadvisory.be\/wp-content\/uploads\/2025\/07\/AreasExpertiseBG-1024x123.jpg\",\"contentUrl\":\"https:\/\/www.biadvisory.be\/wp-content\/uploads\/2025\/07\/AreasExpertiseBG-1024x123.jpg\"},{\"@type\":\"BreadcrumbList\",\"@id\":\"https:\/\/www.biadvisory.be\/de\/unsere-expertise\/#breadcrumb\",\"itemListElement\":[{\"@type\":\"ListItem\",\"position\":1,\"name\":\"Home\",\"item\":\"https:\/\/www.biadvisory.be\/de\/\"},{\"@type\":\"ListItem\",\"position\":2,\"name\":\"Unsere Expertise\"}]},{\"@type\":\"WebSite\",\"@id\":\"https:\/\/www.biadvisory.be\/#website\",\"url\":\"https:\/\/www.biadvisory.be\/\",\"name\":\"BI Advisory\",\"description\":\"Corporate Finance Services and AI Solutions\",\"publisher\":{\"@id\":\"https:\/\/www.biadvisory.be\/#organization\"},\"potentialAction\":[{\"@type\":\"SearchAction\",\"target\":{\"@type\":\"EntryPoint\",\"urlTemplate\":\"https:\/\/www.biadvisory.be\/?s={search_term_string}\"},\"query-input\":{\"@type\":\"PropertyValueSpecification\",\"valueRequired\":true,\"valueName\":\"search_term_string\"}}],\"inLanguage\":\"de\"},{\"@type\":\"Organization\",\"@id\":\"https:\/\/www.biadvisory.be\/#organization\",\"name\":\"BI Advisory\",\"url\":\"https:\/\/www.biadvisory.be\/\",\"logo\":{\"@type\":\"ImageObject\",\"inLanguage\":\"de\",\"@id\":\"https:\/\/www.biadvisory.be\/#\/schema\/logo\/image\/\",\"url\":\"https:\/\/www.biadvisory.be\/wp-content\/uploads\/2023\/05\/Logo-BI-ADVISORY.jpg\",\"contentUrl\":\"https:\/\/www.biadvisory.be\/wp-content\/uploads\/2023\/05\/Logo-BI-ADVISORY.jpg\",\"width\":1447,\"height\":1053,\"caption\":\"BI Advisory\"},\"image\":{\"@id\":\"https:\/\/www.biadvisory.be\/#\/schema\/logo\/image\/\"},\"sameAs\":[\"https:\/\/www.facebook.com\/business.iConsulting\/\",\"https:\/\/x.com\/BI_ADVISORY\",\"https:\/\/www.linkedin.com\/company\/2912164\"]}]}<\/script>\n<!-- \/ Yoast SEO Premium plugin. -->","yoast_head_json":{"title":"Unsere Expertise |","description":"Entdecken Sie, wie BI ADVISORY umfassende Finanzexpertise mit KI-Innovation kombiniert, um die Finanzprozesse in Ihrem gesamten Unternehmen zu optimieren.","robots":{"index":"index","follow":"follow","max-snippet":"max-snippet:-1","max-image-preview":"max-image-preview:large","max-video-preview":"max-video-preview:-1"},"canonical":"https:\/\/www.biadvisory.be\/de\/unsere-expertise\/","og_locale":"de_DE","og_type":"article","og_title":"Unsere Expertise","og_description":"Entdecken Sie, wie BI ADVISORY umfassende Finanzexpertise mit KI-Innovation kombiniert, um die Finanzprozesse in Ihrem gesamten Unternehmen zu optimieren.","og_url":"https:\/\/www.biadvisory.be\/de\/unsere-expertise\/","og_site_name":"BI ADVISORY","article_publisher":"https:\/\/www.facebook.com\/business.iConsulting\/","article_modified_time":"2025-08-25T07:15:36+00:00","og_image":[{"url":"https:\/\/www.biadvisory.be\/wp-content\/uploads\/2025\/07\/AreasExpertiseBG-1024x123.jpg","type":"","width":"","height":""}],"twitter_card":"summary_large_image","twitter_site":"@BI_ADVISORY","twitter_misc":{"Gesch\u00e4tzte Lesezeit":"1\u00a0Minute"},"schema":{"@context":"https:\/\/schema.org","@graph":[{"@type":"WebPage","@id":"https:\/\/www.biadvisory.be\/de\/unsere-expertise\/","url":"https:\/\/www.biadvisory.be\/de\/unsere-expertise\/","name":"Unsere Expertise |","isPartOf":{"@id":"https:\/\/www.biadvisory.be\/#website"},"primaryImageOfPage":{"@id":"https:\/\/www.biadvisory.be\/de\/unsere-expertise\/#primaryimage"},"image":{"@id":"https:\/\/www.biadvisory.be\/de\/unsere-expertise\/#primaryimage"},"thumbnailUrl":"https:\/\/www.biadvisory.be\/wp-content\/uploads\/2025\/07\/AreasExpertiseBG-1024x123.jpg","datePublished":"2025-08-19T14:32:15+00:00","dateModified":"2025-08-25T07:15:36+00:00","description":"Entdecken Sie, wie BI ADVISORY umfassende Finanzexpertise mit KI-Innovation kombiniert, um die Finanzprozesse in Ihrem gesamten Unternehmen zu optimieren.","breadcrumb":{"@id":"https:\/\/www.biadvisory.be\/de\/unsere-expertise\/#breadcrumb"},"inLanguage":"de","potentialAction":[{"@type":"ReadAction","target":["https:\/\/www.biadvisory.be\/de\/unsere-expertise\/"]}]},{"@type":"ImageObject","inLanguage":"de","@id":"https:\/\/www.biadvisory.be\/de\/unsere-expertise\/#primaryimage","url":"https:\/\/www.biadvisory.be\/wp-content\/uploads\/2025\/07\/AreasExpertiseBG-1024x123.jpg","contentUrl":"https:\/\/www.biadvisory.be\/wp-content\/uploads\/2025\/07\/AreasExpertiseBG-1024x123.jpg"},{"@type":"BreadcrumbList","@id":"https:\/\/www.biadvisory.be\/de\/unsere-expertise\/#breadcrumb","itemListElement":[{"@type":"ListItem","position":1,"name":"Home","item":"https:\/\/www.biadvisory.be\/de\/"},{"@type":"ListItem","position":2,"name":"Unsere Expertise"}]},{"@type":"WebSite","@id":"https:\/\/www.biadvisory.be\/#website","url":"https:\/\/www.biadvisory.be\/","name":"BI Advisory","description":"Corporate Finance Services and AI Solutions","publisher":{"@id":"https:\/\/www.biadvisory.be\/#organization"},"potentialAction":[{"@type":"SearchAction","target":{"@type":"EntryPoint","urlTemplate":"https:\/\/www.biadvisory.be\/?s={search_term_string}"},"query-input":{"@type":"PropertyValueSpecification","valueRequired":true,"valueName":"search_term_string"}}],"inLanguage":"de"},{"@type":"Organization","@id":"https:\/\/www.biadvisory.be\/#organization","name":"BI Advisory","url":"https:\/\/www.biadvisory.be\/","logo":{"@type":"ImageObject","inLanguage":"de","@id":"https:\/\/www.biadvisory.be\/#\/schema\/logo\/image\/","url":"https:\/\/www.biadvisory.be\/wp-content\/uploads\/2023\/05\/Logo-BI-ADVISORY.jpg","contentUrl":"https:\/\/www.biadvisory.be\/wp-content\/uploads\/2023\/05\/Logo-BI-ADVISORY.jpg","width":1447,"height":1053,"caption":"BI Advisory"},"image":{"@id":"https:\/\/www.biadvisory.be\/#\/schema\/logo\/image\/"},"sameAs":["https:\/\/www.facebook.com\/business.iConsulting\/","https:\/\/x.com\/BI_ADVISORY","https:\/\/www.linkedin.com\/company\/2912164"]}]}},"_links":{"self":[{"href":"https:\/\/www.biadvisory.be\/de\/wp-json\/wp\/v2\/pages\/5892","targetHints":{"allow":["GET"]}}],"collection":[{"href":"https:\/\/www.biadvisory.be\/de\/wp-json\/wp\/v2\/pages"}],"about":[{"href":"https:\/\/www.biadvisory.be\/de\/wp-json\/wp\/v2\/types\/page"}],"author":[{"embeddable":true,"href":"https:\/\/www.biadvisory.be\/de\/wp-json\/wp\/v2\/users\/1"}],"replies":[{"embeddable":true,"href":"https:\/\/www.biadvisory.be\/de\/wp-json\/wp\/v2\/comments?post=5892"}],"version-history":[{"count":3,"href":"https:\/\/www.biadvisory.be\/de\/wp-json\/wp\/v2\/pages\/5892\/revisions"}],"predecessor-version":[{"id":6002,"href":"https:\/\/www.biadvisory.be\/de\/wp-json\/wp\/v2\/pages\/5892\/revisions\/6002"}],"wp:attachment":[{"href":"https:\/\/www.biadvisory.be\/de\/wp-json\/wp\/v2\/media?parent=5892"}],"curies":[{"name":"wp","href":"https:\/\/api.w.org\/{rel}","templated":true}]}}