{"id":5709,"date":"2025-08-01T16:00:30","date_gmt":"2025-08-01T15:00:30","guid":{"rendered":"https:\/\/www.biadvisory.be\/contactez-nous\/"},"modified":"2025-08-04T11:39:56","modified_gmt":"2025-08-04T10:39:56","slug":"contactez-nous","status":"publish","type":"page","link":"https:\/\/www.biadvisory.be\/fr\/contactez-nous\/","title":{"rendered":"Contactez-nous"},"content":{"rendered":"<div class=\"wp-block-group MaxWidth50\">\n<div class=\"wp-block-group__inner-container is-layout-constrained wp-block-group-is-layout-constrained\">\n<div style=\"height:40px\" aria-hidden=\"true\" class=\"wp-block-spacer\"><\/div>\n<h1 class=\"wp-block-heading has-text-align-center\" id=\"h-contact-us\">Contactez-nous<\/h1>\n<hr class=\"wp-block-separator has-alpha-channel-opacity Half\"\/>\n<p class=\"has-text-align-center\">Veuillez remplir le formulaire<\/p>\n<div class=\"fluentform-block-e9d6e2c3-c17b ffblock-block-frontend\">\n<div class=\"ffblock-fluent-form-wrapper ffblock-fluent-form-style-1 \">\n<div class='fluentform ff-default fluentform_wrapper_1 ffs_default_wrap'>\n<form data-form_id=\"1\" id=\"fluentform_1\" class=\"frm-fluent-form fluent_form_1 ff-el-form-top ff_form_instance_1_1 ff-form-loading ffs_default\" data-form_instance=\"ff_form_instance_1_1\" method=\"POST\" data-turnstile_key=\"0x4AAAAAABmTcZqqs3BTrh5z\" >\n<fieldset  style=\"border: none!important;margin: 0!important;padding: 0!important;background-color: transparent!important;box-shadow: none!important;outline: none!important; min-inline-size: 100%;\">\n<legend class=\"ff_screen_reader_title\" style=\"display: block; margin: 0!important;padding: 0!important;height: 0!important;text-indent: -999999px;width: 0!important;overflow:hidden;\">Contact<\/legend>\n<p><input type='hidden' name='__fluent_form_embded_post_id' value='5709' \/><input type=\"hidden\" id=\"_fluentform_1_fluentformnonce\" name=\"_fluentform_1_fluentformnonce\" value=\"c8cc8bf154\" \/><input type=\"hidden\" name=\"_wp_http_referer\" value=\"\/fr\/wp-json\/wp\/v2\/pages\/5709\" \/><\/p>\n<div data-type=\"name-element\" data-name=\"names\" class=\" ff-field_container ff-name-field-wrapper\" >\n<div class='ff-t-container'>\n<div class='ff-t-cell '>\n<div class='ff-el-group'>\n<div class=\"ff-el-input--label asterisk-right\"><label for='ff_1_names_first_name_' id='label_ff_1_names_first_name_' >Pr\u00e9nom<\/label><\/div>\n<div class='ff-el-input--content'><input type=\"text\" name=\"names[first_name]\" id=\"ff_1_names_first_name_\" class=\"ff-el-form-control\" placeholder=\"Pr\u00e9nom\" aria-invalid=\"false\" aria-required=false><\/div>\n<\/div>\n<\/div>\n<div class='ff-t-cell '>\n<div class='ff-el-group'>\n<div class=\"ff-el-input--label asterisk-right\"><label for='ff_1_names_last_name_' id='label_ff_1_names_last_name_' >Nom de famille<\/label><\/div>\n<div class='ff-el-input--content'><input type=\"text\" name=\"names[last_name]\" id=\"ff_1_names_last_name_\" class=\"ff-el-form-control\" placeholder=\"Nom de famille\" aria-invalid=\"false\" aria-required=false><\/div>\n<\/div>\n<\/div>\n<\/div>\n<\/div>\n<div class='ff-el-group'>\n<div class=\"ff-el-input--label ff-el-is-required asterisk-right\"><label for='ff_1_email' id='label_ff_1_email' aria-label=\"Adresse mail\">Adresse mail<\/label><\/div>\n<div class='ff-el-input--content'><input type=\"email\" name=\"email\" id=\"ff_1_email\" class=\"ff-el-form-control\" placeholder=\"Adresse mail\" data-name=\"email\"  aria-invalid=\"false\" aria-required=true><\/div>\n<\/div>\n<div class='ff-el-group'>\n<div class=\"ff-el-input--label asterisk-right\"><label for='ff_1_phone' id='label_ff_1_phone' aria-label=\"T\u00e9l\u00e9phone\/Mobile\">T\u00e9l\u00e9phone\/Mobile<\/label><\/div>\n<div class='ff-el-input--content'><input name=\"phone\" class=\"ff-el-form-control ff-el-phone\" type=\"tel\" placeholder=\"Num\u00e9ro de portable\" data-name=\"phone\" id=\"ff_1_phone\" inputmode=\"tel\"  aria-invalid='false' aria-required=false><\/div>\n<\/div>\n<div class='ff-el-group'>\n<div class=\"ff-el-input--label ff-el-is-required asterisk-right\"><label for='ff_1_subject' id='label_ff_1_subject' aria-label=\"Objet\">Objet<\/label><\/div>\n<div class='ff-el-input--content'><input type=\"text\" name=\"subject\" class=\"ff-el-form-control\" placeholder=\"Exp : Demander une d\u00e9mo \/ Proposer des cas d'utilisation \/ Demande de contact...\" data-name=\"subject\" id=\"ff_1_subject\"  aria-invalid=\"false\" aria-required=true><\/div>\n<\/div>\n<div class='ff-el-group'>\n<div class=\"ff-el-input--label ff-el-is-required asterisk-right\"><label for='ff_1_message' id='label_ff_1_message' aria-label=\"Votre message\">Votre message<\/label><\/div>\n<div class='ff-el-input--content'><textarea aria-required=\"true\" aria-labelledby=\"label_ff_1_message\" name=\"message\" id=\"ff_1_message\" class=\"ff-el-form-control\" placeholder=\"Veuillez fournir suffisamment de d\u00e9tails sur votre sujet... \" rows=\"4\" cols=\"2\" data-name=\"message\" ><\/textarea><\/div>\n<\/div>\n<div class='ff-el-group  ff-custom_html gdpr_agreement_title' tabindex='-1' data-name=\"custom_html-1_1\" >\n<p><img loading=\"lazy\" decoding=\"async\" class=\"\" src=\"https:\/\/www.biadvisory.be\/wp-content\/uploads\/2025\/07\/gdpr_compliant-pd966nor0t4ypalqme2tdbc9accmdhx8r309rqm6f4.png\" width=\"81\" height=\"34\"> Accord GDPR<\/p>\n<\/div>\n<div class='ff-el-group    ff-el-input--content'>\n<div class='ff-el-form-check ff-el-tc'><label aria-label='Je suis d&#039;accord que BI ADVISORY stocke les informations envoy\u00e9es pour traiter ma demande.' class='ff-el-form-check-label ff_tc_label' for=gdpr-agreement_a316a92989f8cd1f6a8f8325e3f440db><span class='ff_tc_checkbox'><input type=\"checkbox\" name=\"gdpr-agreement\" class=\"ff-el-form-check-input ff_gdpr_field\" data-name=\"gdpr-agreement\" id=\"gdpr-agreement_a316a92989f8cd1f6a8f8325e3f440db\"  value='on' aria-invalid='false' aria-required=true><\/span> <\/p>\n<div class='ff_t_c'>Je suis d&rsquo;accord que BI ADVISORY stocke les informations envoy\u00e9es pour traiter ma demande.<\/div>\n<p><\/label><\/div>\n<\/div>\n<div data-name=\"ff_cn_id_1\"  class='ff-t-container ff-column-container ff_columns_total_2 FinalFormBlock'>\n<div class='ff-t-cell ff-t-column-1' style='flex-basis: 60%;'>\n<div class='ff-el-group ' >\n<div class='ff-el-input--content'>\n<div data-fluent_id='1' name='cf-turnstile-response'>\n<div\n\t\tdata-sitekey='0x4AAAAAABmTcZqqs3BTrh5z'\n\t\tdata-theme='auto'\n\t\tid='fluentform-turnstile-1-1'\n\t\tclass='ff-el-turnstile cf-turnstile'\n\t\tdata-appearance='always'><\/div>\n<\/div>\n<\/div>\n<\/div>\n<\/div>\n<div class='ff-t-cell ff-t-column-2' style='flex-basis: 40%;'>\n<div class='ff-el-group ff-text-left SubmitButtonWrapper ff_submit_btn_wrapper ff_submit_btn_wrapper_custom'><button class='ff-btn-submit' type='submit' aria-label='Submit The Form'><img style=\"max-width: 200px;\" src=\"data:image\/gif;base64,R0lGODlhAQABAAAAACH5BAEKAAEALAAAAAABAAEAAAICTAEAOw==\" alt=\"Submit Form\" class=\"lazyload\" data-src=\"https:\/\/www.biadvisory.be\/wp-content\/uploads\/2025\/08\/submit_white.png\"><\/button><\/p>\n<style>form.fluent_form_1 .wpf_has_custom_css.ff-btn-submit { background-color:#1a7efb;border-color:#1a7efb;color:#ffffff;min-width:100%; }form.fluent_form_1 .wpf_has_custom_css.ff-btn-submit:hover { background-color:#ffffff;border-color:#1a7efb;color:#1a7efb;min-width:100%; } <\/style>\n<\/div>\n<\/div>\n<\/div>\n<\/fieldset>\n<\/form>\n<div id='fluentform_1_errors' class='ff-errors-in-stack ff_form_instance_1_1 ff-form-loading_errors ff_form_instance_1_1_errors'><\/div>\n<\/div>\n<p>            <script type=\"text\/javascript\">\n                window.fluent_form_ff_form_instance_1_1 = {\"id\":\"1\",\"ajaxUrl\":\"https:\\\/\\\/www.biadvisory.be\\\/wp-admin\\\/admin-ajax.php\",\"settings\":{\"layout\":{\"labelPlacement\":\"top\",\"helpMessagePlacement\":\"with_label\",\"errorMessagePlacement\":\"inline\",\"cssClassName\":\"\",\"asteriskPlacement\":\"asterisk-right\"},\"restrictions\":{\"denyEmptySubmission\":{\"enabled\":false}}},\"form_instance\":\"ff_form_instance_1_1\",\"form_id_selector\":\"fluentform_1\",\"rules\":{\"names[first_name]\":{\"required\":{\"value\":false,\"message\":\"Le champ est obligatoire\",\"global\":false,\"global_message\":\"This field is required\"}},\"names[middle_name]\":{\"required\":{\"value\":false,\"message\":\"Le champ est obligatoire\",\"global\":false,\"global_message\":\"This field is required\"}},\"names[last_name]\":{\"required\":{\"value\":false,\"message\":\"Le champ est obligatoire\",\"global\":false,\"global_message\":\"This field is required\"}},\"email\":{\"required\":{\"value\":true,\"message\":\"Le champ est obligatoire\",\"global\":false,\"global_message\":\"This field is required\"},\"email\":{\"value\":true,\"message\":\"Le champ est obligatoire\",\"global\":false,\"global_message\":\"This field must contain a valid email\"}},\"phone\":{\"required\":{\"value\":false,\"global\":true,\"message\":\"Ce champ est requis\",\"global_message\":\"This field is required\"},\"valid_phone_number\":{\"value\":false,\"global\":true,\"message\":\"Le num\\u00e9ro de t\\u00e9l\\u00e9phone est invalide\",\"global_message\":\"Phone number is not valid\"}},\"subject\":{\"required\":{\"value\":true,\"message\":\"Le champ est obligatoire\",\"global\":false,\"global_message\":\"This field is required\"}},\"message\":{\"required\":{\"value\":true,\"message\":\"Le champ est obligatoire\",\"global\":false,\"global_message\":\"This field is required\"}},\"gdpr-agreement\":{\"required\":{\"value\":true,\"message\":\"Ce champ est requis\",\"global_message\":\"This field is required\",\"global\":true}},\"cf-turnstile-response\":[]},\"debounce_time\":300};\n                            <\/script>\n            \t\t<\/div>\n<\/p><\/div>\n<\/div>\n<\/div>\n<p><iframe src=\"about:blank\" width=\"100%\" height=\"500\" style=\"border:0;\" allowfullscreen=\"\" loading=\"lazy\" referrerpolicy=\"no-referrer-when-downgrade\" class=\"lazyload\" data-src=\"https:\/\/www.google.com\/maps\/embed?pb=!1m18!1m12!1m3!1d1227.2924872555802!2d4.261958623582448!3d50.74687823146987!2m3!1f0!2f0!3f0!3m2!1i1024!2i768!4f13.1!3m3!1m2!1s0x47c3c8eb51332d89%3A0x2ee40483f62ebf1e!2sGerard%20Mercatorstraat%2060%2C%201501%20Halle%2C%20Belgium!5e1!3m2!1sen!2sin!4v1753257193922!5m2!1sen!2sin\"><\/iframe><\/p>\n<div class=\"wp-block-group container\">\n<div class=\"wp-block-group__inner-container is-layout-constrained wp-block-group-is-layout-constrained\">\n<hr class=\"wp-block-separator has-alpha-channel-opacity\"\/>\n<div class=\"wp-block-group is-layout-grid wp-container-core-group-is-layout-4d858cb8 wp-block-group-is-layout-grid\">\n<div class=\"wp-block-group\">\n<div class=\"wp-block-group__inner-container is-layout-constrained wp-block-group-is-layout-constrained\">\n<h3 class=\"wp-block-heading\" id=\"h-phone\">T\u00e9l\u00e9phone<\/h3>\n<p>+32 484 645 483<\/p>\n<\/div>\n<\/div>\n<div class=\"wp-block-group\">\n<div class=\"wp-block-group__inner-container is-layout-constrained wp-block-group-is-layout-constrained\">\n<h3 class=\"wp-block-heading\" id=\"h-address\">Adresse<\/h3>\n<p>Gerard Mercatorstraat, 60<br \/>1501 Halle-Buizingen<br \/>Belgium<\/p>\n<\/div>\n<\/div>\n<div class=\"wp-block-group\">\n<div class=\"wp-block-group__inner-container is-layout-constrained wp-block-group-is-layout-constrained\">\n<h3 class=\"wp-block-heading\" id=\"h-email\">Adresse mail<\/h3>\n<p><a href=\"mailto:info@biadvisory.be\" target=\"_blank\" rel=\"noreferrer noopener\">info@biadvisory.be<\/a><\/p>\n<\/div>\n<\/div>\n<div class=\"wp-block-group\">\n<div class=\"wp-block-group__inner-container is-layout-constrained wp-block-group-is-layout-constrained\">\n<h3 class=\"wp-block-heading\" id=\"h-social-network\">R\u00e9seau social<\/h3>\n<ul class=\"wp-block-social-links is-layout-flex wp-block-social-links-is-layout-flex\">\n<li class=\"wp-social-link wp-social-link-x  wp-block-social-link\"><a href=\"https:\/\/x.com\/BI_ADVISORY\" class=\"wp-block-social-link-anchor\"><svg width=\"24\" height=\"24\" viewBox=\"0 0 24 24\" version=\"1.1\" xmlns=\"http:\/\/www.w3.org\/2000\/svg\" aria-hidden=\"true\" focusable=\"false\"><path d=\"M13.982 10.622 20.54 3h-1.554l-5.693 6.618L8.745 3H3.5l6.876 10.007L3.5 21h1.554l6.012-6.989L15.868 21h5.245l-7.131-10.378Zm-2.128 2.474-.697-.997-5.543-7.93H8l4.474 6.4.697.996 5.815 8.318h-2.387l-4.745-6.787Z\" \/><\/svg><span class=\"wp-block-social-link-label screen-reader-text\">X<\/span><\/a><\/li>\n<li class=\"wp-social-link wp-social-link-facebook  wp-block-social-link\"><a href=\"https:\/\/www.facebook.com\/business.iConsulting\" class=\"wp-block-social-link-anchor\"><svg width=\"24\" height=\"24\" viewBox=\"0 0 24 24\" version=\"1.1\" xmlns=\"http:\/\/www.w3.org\/2000\/svg\" aria-hidden=\"true\" focusable=\"false\"><path d=\"M12 2C6.5 2 2 6.5 2 12c0 5 3.7 9.1 8.4 9.9v-7H7.9V12h2.5V9.8c0-2.5 1.5-3.9 3.8-3.9 1.1 0 2.2.2 2.2.2v2.5h-1.3c-1.2 0-1.6.8-1.6 1.6V12h2.8l-.4 2.9h-2.3v7C18.3 21.1 22 17 22 12c0-5.5-4.5-10-10-10z\"><\/path><\/svg><span class=\"wp-block-social-link-label screen-reader-text\">Facebook<\/span><\/a><\/li>\n<li class=\"wp-social-link wp-social-link-linkedin  wp-block-social-link\"><a href=\"https:\/\/www.linkedin.com\/company\/biadvisory\/\" class=\"wp-block-social-link-anchor\"><svg width=\"24\" height=\"24\" viewBox=\"0 0 24 24\" version=\"1.1\" xmlns=\"http:\/\/www.w3.org\/2000\/svg\" aria-hidden=\"true\" focusable=\"false\"><path d=\"M19.7,3H4.3C3.582,3,3,3.582,3,4.3v15.4C3,20.418,3.582,21,4.3,21h15.4c0.718,0,1.3-0.582,1.3-1.3V4.3 C21,3.582,20.418,3,19.7,3z M8.339,18.338H5.667v-8.59h2.672V18.338z M7.004,8.574c-0.857,0-1.549-0.694-1.549-1.548 c0-0.855,0.691-1.548,1.549-1.548c0.854,0,1.547,0.694,1.547,1.548C8.551,7.881,7.858,8.574,7.004,8.574z M18.339,18.338h-2.669 v-4.177c0-0.996-0.017-2.278-1.387-2.278c-1.389,0-1.601,1.086-1.601,2.206v4.249h-2.667v-8.59h2.559v1.174h0.037 c0.356-0.675,1.227-1.387,2.526-1.387c2.703,0,3.203,1.779,3.203,4.092V18.338z\"><\/path><\/svg><span class=\"wp-block-social-link-label screen-reader-text\">LinkedIn<\/span><\/a><\/li>\n<\/ul>\n<\/div>\n<\/div>\n<\/div>\n<\/div>\n<\/div>\n<div style=\"height:60px\" aria-hidden=\"true\" class=\"wp-block-spacer\"><\/div>\n","protected":false},"excerpt":{"rendered":"<p>Contactez-nous Veuillez remplir le formulaire T\u00e9l\u00e9phone +32 484 645 483 Adresse Gerard Mercatorstraat, 601501 Halle-BuizingenBelgium Adresse mail info@biadvisory.be R\u00e9seau social<\/p>\n","protected":false},"author":1,"featured_media":0,"parent":0,"menu_order":0,"comment_status":"closed","ping_status":"closed","template":"","meta":{"footnotes":""},"class_list":["post-5709","page","type-page","status-publish","hentry"],"yoast_head":"<!-- This site is optimized with the Yoast SEO Premium plugin v24.7 (Yoast SEO v27.5) - https:\/\/yoast.com\/product\/yoast-seo-premium-wordpress\/ -->\n<title>Contactez-nous |<\/title>\n<meta name=\"description\" content=\"Contactez BI ADVISORY pour \u00e9changer sur vos besoins en finance et en intelligence artificielle. Posez vos questions, demandez une d\u00e9monstration ou entrez en contact avec nos experts d\u00e8s aujourd\u2019hui.\" \/>\n<meta name=\"robots\" content=\"index, follow, max-snippet:-1, max-image-preview:large, max-video-preview:-1\" \/>\n<link rel=\"canonical\" href=\"https:\/\/www.biadvisory.be\/fr\/contactez-nous\/\" \/>\n<meta property=\"og:locale\" content=\"fr_FR\" \/>\n<meta property=\"og:type\" content=\"article\" \/>\n<meta property=\"og:title\" content=\"Contactez-nous\" \/>\n<meta property=\"og:description\" content=\"Contactez BI ADVISORY pour \u00e9changer sur vos besoins en finance et en intelligence artificielle. Posez vos questions, demandez une d\u00e9monstration ou entrez en contact avec nos experts d\u00e8s aujourd\u2019hui.\" \/>\n<meta property=\"og:url\" content=\"https:\/\/www.biadvisory.be\/fr\/contactez-nous\/\" \/>\n<meta property=\"og:site_name\" content=\"BI ADVISORY\" \/>\n<meta property=\"article:publisher\" content=\"https:\/\/www.facebook.com\/business.iConsulting\/\" \/>\n<meta property=\"article:modified_time\" content=\"2025-08-04T10:39:56+00:00\" \/>\n<meta property=\"og:image\" content=\"https:\/\/www.biadvisory.be\/wp-content\/uploads\/2016\/06\/Logo-BI-ADVISORY-2.jpg\" \/>\n\t<meta property=\"og:image:width\" content=\"1447\" \/>\n\t<meta property=\"og:image:height\" content=\"1053\" \/>\n\t<meta property=\"og:image:type\" content=\"image\/jpeg\" \/>\n<meta name=\"twitter:card\" content=\"summary_large_image\" \/>\n<meta name=\"twitter:site\" content=\"@BI_ADVISORY\" \/>\n<script type=\"application\/ld+json\" class=\"yoast-schema-graph\">{\"@context\":\"https:\\\/\\\/schema.org\",\"@graph\":[{\"@type\":\"WebPage\",\"@id\":\"https:\\\/\\\/www.biadvisory.be\\\/fr\\\/contactez-nous\\\/\",\"url\":\"https:\\\/\\\/www.biadvisory.be\\\/fr\\\/contactez-nous\\\/\",\"name\":\"Contactez-nous |\",\"isPartOf\":{\"@id\":\"https:\\\/\\\/www.biadvisory.be\\\/#website\"},\"datePublished\":\"2025-08-01T15:00:30+00:00\",\"dateModified\":\"2025-08-04T10:39:56+00:00\",\"description\":\"Contactez BI ADVISORY pour \u00e9changer sur vos besoins en finance et en intelligence artificielle. Posez vos questions, demandez une d\u00e9monstration ou entrez en contact avec nos experts d\u00e8s aujourd\u2019hui.\",\"breadcrumb\":{\"@id\":\"https:\\\/\\\/www.biadvisory.be\\\/fr\\\/contactez-nous\\\/#breadcrumb\"},\"inLanguage\":\"fr-FR\",\"potentialAction\":[{\"@type\":\"ReadAction\",\"target\":[\"https:\\\/\\\/www.biadvisory.be\\\/fr\\\/contactez-nous\\\/\"]}]},{\"@type\":\"BreadcrumbList\",\"@id\":\"https:\\\/\\\/www.biadvisory.be\\\/fr\\\/contactez-nous\\\/#breadcrumb\",\"itemListElement\":[{\"@type\":\"ListItem\",\"position\":1,\"name\":\"Home\",\"item\":\"https:\\\/\\\/www.biadvisory.be\\\/fr\\\/\"},{\"@type\":\"ListItem\",\"position\":2,\"name\":\"Contactez-nous\"}]},{\"@type\":\"WebSite\",\"@id\":\"https:\\\/\\\/www.biadvisory.be\\\/#website\",\"url\":\"https:\\\/\\\/www.biadvisory.be\\\/\",\"name\":\"BI Advisory\",\"description\":\"Corporate Finance Services and AI Solutions\",\"publisher\":{\"@id\":\"https:\\\/\\\/www.biadvisory.be\\\/#organization\"},\"potentialAction\":[{\"@type\":\"SearchAction\",\"target\":{\"@type\":\"EntryPoint\",\"urlTemplate\":\"https:\\\/\\\/www.biadvisory.be\\\/?s={search_term_string}\"},\"query-input\":{\"@type\":\"PropertyValueSpecification\",\"valueRequired\":true,\"valueName\":\"search_term_string\"}}],\"inLanguage\":\"fr-FR\"},{\"@type\":\"Organization\",\"@id\":\"https:\\\/\\\/www.biadvisory.be\\\/#organization\",\"name\":\"BI Advisory\",\"url\":\"https:\\\/\\\/www.biadvisory.be\\\/\",\"logo\":{\"@type\":\"ImageObject\",\"inLanguage\":\"fr-FR\",\"@id\":\"https:\\\/\\\/www.biadvisory.be\\\/#\\\/schema\\\/logo\\\/image\\\/\",\"url\":\"https:\\\/\\\/www.biadvisory.be\\\/wp-content\\\/uploads\\\/2023\\\/05\\\/Logo-BI-ADVISORY.jpg\",\"contentUrl\":\"https:\\\/\\\/www.biadvisory.be\\\/wp-content\\\/uploads\\\/2023\\\/05\\\/Logo-BI-ADVISORY.jpg\",\"width\":1447,\"height\":1053,\"caption\":\"BI Advisory\"},\"image\":{\"@id\":\"https:\\\/\\\/www.biadvisory.be\\\/#\\\/schema\\\/logo\\\/image\\\/\"},\"sameAs\":[\"https:\\\/\\\/www.facebook.com\\\/business.iConsulting\\\/\",\"https:\\\/\\\/x.com\\\/BI_ADVISORY\",\"https:\\\/\\\/www.linkedin.com\\\/company\\\/2912164\"]}]}<\/script>\n<!-- \/ Yoast SEO Premium plugin. -->","yoast_head_json":{"title":"Contactez-nous |","description":"Contactez BI ADVISORY pour \u00e9changer sur vos besoins en finance et en intelligence artificielle. Posez vos questions, demandez une d\u00e9monstration ou entrez en contact avec nos experts d\u00e8s aujourd\u2019hui.","robots":{"index":"index","follow":"follow","max-snippet":"max-snippet:-1","max-image-preview":"max-image-preview:large","max-video-preview":"max-video-preview:-1"},"canonical":"https:\/\/www.biadvisory.be\/fr\/contactez-nous\/","og_locale":"fr_FR","og_type":"article","og_title":"Contactez-nous","og_description":"Contactez BI ADVISORY pour \u00e9changer sur vos besoins en finance et en intelligence artificielle. Posez vos questions, demandez une d\u00e9monstration ou entrez en contact avec nos experts d\u00e8s aujourd\u2019hui.","og_url":"https:\/\/www.biadvisory.be\/fr\/contactez-nous\/","og_site_name":"BI ADVISORY","article_publisher":"https:\/\/www.facebook.com\/business.iConsulting\/","article_modified_time":"2025-08-04T10:39:56+00:00","og_image":[{"width":1447,"height":1053,"url":"https:\/\/www.biadvisory.be\/wp-content\/uploads\/2016\/06\/Logo-BI-ADVISORY-2.jpg","type":"image\/jpeg"}],"twitter_card":"summary_large_image","twitter_site":"@BI_ADVISORY","schema":{"@context":"https:\/\/schema.org","@graph":[{"@type":"WebPage","@id":"https:\/\/www.biadvisory.be\/fr\/contactez-nous\/","url":"https:\/\/www.biadvisory.be\/fr\/contactez-nous\/","name":"Contactez-nous |","isPartOf":{"@id":"https:\/\/www.biadvisory.be\/#website"},"datePublished":"2025-08-01T15:00:30+00:00","dateModified":"2025-08-04T10:39:56+00:00","description":"Contactez BI ADVISORY pour \u00e9changer sur vos besoins en finance et en intelligence artificielle. Posez vos questions, demandez une d\u00e9monstration ou entrez en contact avec nos experts d\u00e8s aujourd\u2019hui.","breadcrumb":{"@id":"https:\/\/www.biadvisory.be\/fr\/contactez-nous\/#breadcrumb"},"inLanguage":"fr-FR","potentialAction":[{"@type":"ReadAction","target":["https:\/\/www.biadvisory.be\/fr\/contactez-nous\/"]}]},{"@type":"BreadcrumbList","@id":"https:\/\/www.biadvisory.be\/fr\/contactez-nous\/#breadcrumb","itemListElement":[{"@type":"ListItem","position":1,"name":"Home","item":"https:\/\/www.biadvisory.be\/fr\/"},{"@type":"ListItem","position":2,"name":"Contactez-nous"}]},{"@type":"WebSite","@id":"https:\/\/www.biadvisory.be\/#website","url":"https:\/\/www.biadvisory.be\/","name":"BI Advisory","description":"Corporate Finance Services and AI Solutions","publisher":{"@id":"https:\/\/www.biadvisory.be\/#organization"},"potentialAction":[{"@type":"SearchAction","target":{"@type":"EntryPoint","urlTemplate":"https:\/\/www.biadvisory.be\/?s={search_term_string}"},"query-input":{"@type":"PropertyValueSpecification","valueRequired":true,"valueName":"search_term_string"}}],"inLanguage":"fr-FR"},{"@type":"Organization","@id":"https:\/\/www.biadvisory.be\/#organization","name":"BI Advisory","url":"https:\/\/www.biadvisory.be\/","logo":{"@type":"ImageObject","inLanguage":"fr-FR","@id":"https:\/\/www.biadvisory.be\/#\/schema\/logo\/image\/","url":"https:\/\/www.biadvisory.be\/wp-content\/uploads\/2023\/05\/Logo-BI-ADVISORY.jpg","contentUrl":"https:\/\/www.biadvisory.be\/wp-content\/uploads\/2023\/05\/Logo-BI-ADVISORY.jpg","width":1447,"height":1053,"caption":"BI Advisory"},"image":{"@id":"https:\/\/www.biadvisory.be\/#\/schema\/logo\/image\/"},"sameAs":["https:\/\/www.facebook.com\/business.iConsulting\/","https:\/\/x.com\/BI_ADVISORY","https:\/\/www.linkedin.com\/company\/2912164"]}]}},"_links":{"self":[{"href":"https:\/\/www.biadvisory.be\/fr\/wp-json\/wp\/v2\/pages\/5709","targetHints":{"allow":["GET"]}}],"collection":[{"href":"https:\/\/www.biadvisory.be\/fr\/wp-json\/wp\/v2\/pages"}],"about":[{"href":"https:\/\/www.biadvisory.be\/fr\/wp-json\/wp\/v2\/types\/page"}],"author":[{"embeddable":true,"href":"https:\/\/www.biadvisory.be\/fr\/wp-json\/wp\/v2\/users\/1"}],"replies":[{"embeddable":true,"href":"https:\/\/www.biadvisory.be\/fr\/wp-json\/wp\/v2\/comments?post=5709"}],"version-history":[{"count":6,"href":"https:\/\/www.biadvisory.be\/fr\/wp-json\/wp\/v2\/pages\/5709\/revisions"}],"predecessor-version":[{"id":5803,"href":"https:\/\/www.biadvisory.be\/fr\/wp-json\/wp\/v2\/pages\/5709\/revisions\/5803"}],"wp:attachment":[{"href":"https:\/\/www.biadvisory.be\/fr\/wp-json\/wp\/v2\/media?parent=5709"}],"curies":[{"name":"wp","href":"https:\/\/api.w.org\/{rel}","templated":true}]}}