{"id":5725,"date":"2025-08-01T16:34:22","date_gmt":"2025-08-01T15:34:22","guid":{"rendered":"https:\/\/www.biadvisory.be\/notre-expertise\/"},"modified":"2025-08-08T14:38:48","modified_gmt":"2025-08-08T13:38:48","slug":"notre-expertise","status":"publish","type":"page","link":"https:\/\/www.biadvisory.be\/fr\/notre-expertise\/","title":{"rendered":"Notre Expertise"},"content":{"rendered":"<div class=\"wp-block-group container\">\n<div class=\"wp-block-group__inner-container is-layout-constrained wp-block-group-is-layout-constrained\">\n<div style=\"height:40px\" aria-hidden=\"true\" class=\"wp-block-spacer\"><\/div>\n<h1 class=\"wp-block-heading has-text-align-center\">Notre Expertise<\/h1>\n<hr class=\"wp-block-separator has-alpha-channel-opacity Half\"\/>\n<p class=\"has-text-align-center\">BI ADVISORY offre aux entreprises et aux organisations une combinaison unique de services. Notre \u00e9quipe poss\u00e8de les comp\u00e9tences n\u00e9cessaires en interne pour prendre en charge vos cl\u00f4tures de <strong>consolidation<\/strong> et vos <strong>reportings financiers<\/strong>, en toute fiabilit\u00e9. Nos experts allient comp\u00e9tences techniques et exp\u00e9rience pratique, qu\u2019ils mettent volontiers \u00e0 votre service. Nous travaillons principalement pour des grandes et moyennes entreprises et des institutions financi\u00e8res.<\/p>\n<div style=\"height:40px\" aria-hidden=\"true\" class=\"wp-block-spacer\"><\/div>\n<\/div>\n<\/div>\n<div class=\"wp-block-cover\" style=\"min-height:160px;aspect-ratio:unset;\"><img loading=\"lazy\" decoding=\"async\" width=\"1024\" height=\"123\" class=\"wp-block-cover__image-background wp-image-5106 size-large lazyload\" alt=\"\" src=\"data:image\/gif;base64,R0lGODlhAQABAAAAACH5BAEKAAEALAAAAAABAAEAAAICTAEAOw==\" data-object-fit=\"cover\" sizes=\"auto, (max-width: 1024px) 100vw, 1024px\" data-src=\"https:\/\/www.biadvisory.be\/wp-content\/uploads\/2025\/07\/AreasExpertiseBG-1024x123.jpg\" data-srcset=\"https:\/\/www.biadvisory.be\/wp-content\/uploads\/2025\/07\/AreasExpertiseBG-1024x123.jpg 1024w, https:\/\/www.biadvisory.be\/wp-content\/uploads\/2025\/07\/AreasExpertiseBG-300x36.jpg 300w, https:\/\/www.biadvisory.be\/wp-content\/uploads\/2025\/07\/AreasExpertiseBG-768x92.jpg 768w, https:\/\/www.biadvisory.be\/wp-content\/uploads\/2025\/07\/AreasExpertiseBG.jpg 1400w\"><span aria-hidden=\"true\" class=\"wp-block-cover__background has-background-dim\" style=\"background-color:#3a3736\"><\/span><\/p>\n<div class=\"wp-block-cover__inner-container is-layout-constrained wp-block-cover-is-layout-constrained\">\n<p class=\"has-text-align-center has-large-font-size\">Nos domaines d&rsquo;expertise sont pr\u00e9sent\u00e9s ci-dessous<\/p>\n<\/div>\n<\/div>\n<div style=\"height:80px\" aria-hidden=\"true\" class=\"wp-block-spacer\"><\/div>\n<div class=\"wp-block-group container\">\n<div class=\"wp-block-group__inner-container is-layout-constrained wp-block-group-is-layout-constrained\">\n<div class=\"wp-block-group is-layout-grid wp-container-core-group-is-layout-baef362d wp-block-group-is-layout-grid\">\n<div class=\"wp-block-group MaxWidth80\">\n<div class=\"wp-block-group__inner-container is-layout-constrained wp-block-group-is-layout-constrained\">\n<div class=\"wp-block-image is-style-rounded\">\n<figure class=\"aligncenter size-full is-resized\"><a href=\"https:\/\/www.biadvisory.be\/wp-content\/uploads\/2025\/07\/ServicesIcons_Reporting.png\"><img loading=\"lazy\" decoding=\"async\" width=\"165\" height=\"164\" src=\"data:image\/gif;base64,R0lGODlhAQABAAAAACH5BAEKAAEALAAAAAABAAEAAAICTAEAOw==\" alt=\"\" class=\"wp-image-5110 lazyload\" style=\"width:80px\" sizes=\"auto, (max-width: 165px) 100vw, 165px\" data-src=\"https:\/\/www.biadvisory.be\/wp-content\/uploads\/2025\/07\/ServicesIcons_Reporting.png\" data-srcset=\"https:\/\/www.biadvisory.be\/wp-content\/uploads\/2025\/07\/ServicesIcons_Reporting.png 165w, https:\/\/www.biadvisory.be\/wp-content\/uploads\/2025\/07\/ServicesIcons_Reporting-150x150.png 150w\"><\/a><\/figure>\n<\/div>\n<h4 class=\"wp-block-heading has-text-align-center\">Reporting &amp; Consolidation<\/h4>\n<p class=\"has-text-align-center has-small-font-size\">Today\u2019s <strong>financial consolidation<\/strong> processes are complex and may be time and resources consuming if not driven by efficient working processes. Nous accompagnons nos clients tout au long du processus de cl\u00f4ture de consolidation (rapprochements inter-soci\u00e9t\u00e9s, r\u00e9ception des paquets locaux et comptabilisation des ajustements centraux selon les normes IFRS\/IAS, US GAAP, etc.) et du processus de reporting, qu&rsquo;il s&rsquo;agisse du reporting mensuel de gestion ou de l&rsquo;assistance \u00e0 la r\u00e9daction du rapport annuel. <\/p>\n<\/div>\n<\/div>\n<div class=\"wp-block-group MaxWidth80\">\n<div class=\"wp-block-group__inner-container is-layout-constrained wp-block-group-is-layout-constrained\">\n<div class=\"wp-block-image is-style-rounded\">\n<figure class=\"aligncenter size-full is-resized\"><a href=\"https:\/\/www.biadvisory.be\/wp-content\/uploads\/2025\/07\/ServicesIcons_Implementation.png\"><img loading=\"lazy\" decoding=\"async\" width=\"165\" height=\"164\" src=\"data:image\/gif;base64,R0lGODlhAQABAAAAACH5BAEKAAEALAAAAAABAAEAAAICTAEAOw==\" alt=\"\" class=\"wp-image-5111 lazyload\" style=\"width:80px\" sizes=\"auto, (max-width: 165px) 100vw, 165px\" data-src=\"https:\/\/www.biadvisory.be\/wp-content\/uploads\/2025\/07\/ServicesIcons_Implementation.png\" data-srcset=\"https:\/\/www.biadvisory.be\/wp-content\/uploads\/2025\/07\/ServicesIcons_Implementation.png 165w, https:\/\/www.biadvisory.be\/wp-content\/uploads\/2025\/07\/ServicesIcons_Implementation-150x150.png 150w\"><\/a><\/figure>\n<\/div>\n<h4 class=\"wp-block-heading has-text-align-center\">D\u00e9ploiement d\u2019une solution de consolidation financi\u00e8re<\/h4>\n<p class=\"has-text-align-center has-small-font-size\">L\u2019importance d\u2019un <strong>syst\u00e8me de consolidation<\/strong> capable de soutenir \u00e0 la fois les processus de reporting et de consolidation de l\u2019entreprise est cruciale pour garantir la fiabilit\u00e9 du reporting. Nous accompagnons nos clients de fa\u00e7on neutre et experte dans le choix de leur solution, son impl\u00e9mentation fonctionnelle, en assurant la liaison entre les \u00e9quipes finance et IT, et en restant disponibles pour tout support n\u00e9cessaire durant le projet.<\/p>\n<\/div>\n<\/div>\n<div class=\"wp-block-group MaxWidth80\">\n<div class=\"wp-block-group__inner-container is-layout-constrained wp-block-group-is-layout-constrained\">\n<div class=\"wp-block-image is-style-rounded\">\n<figure class=\"aligncenter size-full is-resized\"><a href=\"https:\/\/www.biadvisory.be\/wp-content\/uploads\/2025\/07\/ServicesIcons_ProjectManagement.png\"><img loading=\"lazy\" decoding=\"async\" width=\"165\" height=\"164\" src=\"data:image\/gif;base64,R0lGODlhAQABAAAAACH5BAEKAAEALAAAAAABAAEAAAICTAEAOw==\" alt=\"\" class=\"wp-image-5112 lazyload\" style=\"width:80px\" sizes=\"auto, (max-width: 165px) 100vw, 165px\" data-src=\"https:\/\/www.biadvisory.be\/wp-content\/uploads\/2025\/07\/ServicesIcons_ProjectManagement.png\" data-srcset=\"https:\/\/www.biadvisory.be\/wp-content\/uploads\/2025\/07\/ServicesIcons_ProjectManagement.png 165w, https:\/\/www.biadvisory.be\/wp-content\/uploads\/2025\/07\/ServicesIcons_ProjectManagement-150x150.png 150w\"><\/a><\/figure>\n<\/div>\n<h4 class=\"wp-block-heading has-text-align-center\">Gestion de Projet<\/h4>\n<p class=\"has-text-align-center has-small-font-size\">Nous appliquons une m\u00e9thodologie de <strong>gestion de projet<\/strong> structur\u00e9e, fond\u00e9e sur l\u2019exp\u00e9rience acquise \u00e0 travers de nombreux projets, offrant \u00e0 nos clients visibilit\u00e9 et confiance \u00e0 chaque \u00e9tape.<\/p>\n<\/div>\n<\/div>\n<div class=\"wp-block-group MaxWidth80\">\n<div class=\"wp-block-group__inner-container is-layout-constrained wp-block-group-is-layout-constrained\">\n<div class=\"wp-block-image is-style-rounded\">\n<figure class=\"aligncenter size-full is-resized\"><a href=\"https:\/\/www.biadvisory.be\/wp-content\/uploads\/2025\/07\/ServicesIcons_FunctionalAnalysis.png\"><img loading=\"lazy\" decoding=\"async\" width=\"165\" height=\"164\" src=\"data:image\/gif;base64,R0lGODlhAQABAAAAACH5BAEKAAEALAAAAAABAAEAAAICTAEAOw==\" alt=\"\" class=\"wp-image-5113 lazyload\" style=\"width:80px\" sizes=\"auto, (max-width: 165px) 100vw, 165px\" data-src=\"https:\/\/www.biadvisory.be\/wp-content\/uploads\/2025\/07\/ServicesIcons_FunctionalAnalysis.png\" data-srcset=\"https:\/\/www.biadvisory.be\/wp-content\/uploads\/2025\/07\/ServicesIcons_FunctionalAnalysis.png 165w, https:\/\/www.biadvisory.be\/wp-content\/uploads\/2025\/07\/ServicesIcons_FunctionalAnalysis-150x150.png 150w\"><\/a><\/figure>\n<\/div>\n<h4 class=\"wp-block-heading has-text-align-center\">Rapports R\u00e9glementaires<\/h4>\n<p class=\"has-text-align-center has-small-font-size\">Nous accompagnons nos clients dans la r\u00e9daction de leurs reportings r\u00e9glementaires (COREP, FINREP, ASSET ENCUMBRANCE), la mise \u00e0 niveau de leur syst\u00e8me de <strong>reporting r\u00e9glementaire <\/strong>en suivant la derni\u00e8re taxonomie disponible.<\/p>\n<\/div>\n<\/div>\n<\/div>\n<\/div>\n<\/div>\n<div style=\"height:80px\" aria-hidden=\"true\" class=\"wp-block-spacer\"><\/div>\n<div class=\"wp-block-group has-background\" style=\"background-color:#ecf0f1\">\n<div class=\"wp-block-group__inner-container is-layout-constrained wp-block-group-is-layout-constrained\">\n<div class=\"wp-block-group\">\n<div class=\"wp-block-group__inner-container is-layout-constrained wp-block-group-is-layout-constrained\">\n<div style=\"height:40px\" aria-hidden=\"true\" class=\"wp-block-spacer\"><\/div>\n<h3 class=\"wp-block-heading has-text-align-center\">Si vous \u00eates int\u00e9ress\u00e9 par notre expertise, faites-le nous savoir.<\/h3>\n<div style=\"height:20px\" aria-hidden=\"true\" class=\"wp-block-spacer\"><\/div>\n<div class=\"wp-block-buttons is-content-justification-center is-layout-flex wp-container-core-buttons-is-layout-16018d1d wp-block-buttons-is-layout-flex\">\n<div class=\"wp-block-button\"><a class=\"wp-block-button__link has-text-align-center wp-element-button\" href=\"https:\/\/www.biadvisory.be\/fr\/contactez-nous\/\">Contactez-nous<\/a><\/div>\n<\/div>\n<div style=\"height:40px\" aria-hidden=\"true\" class=\"wp-block-spacer\"><\/div>\n<\/div>\n<\/div>\n<\/div>\n<\/div>\n","protected":false},"excerpt":{"rendered":"<p>Notre Expertise BI ADVISORY offre aux entreprises et aux organisations une combinaison unique de services. Notre \u00e9quipe poss\u00e8de les comp\u00e9tences n\u00e9cessaires en interne pour prendre en charge vos cl\u00f4tures de consolidation et vos reportings financiers, en toute fiabilit\u00e9. Nos experts allient comp\u00e9tences techniques et exp\u00e9rience pratique, qu\u2019ils mettent volontiers \u00e0 votre service. Nous travaillons principalement [&hellip;]<\/p>\n","protected":false},"author":1,"featured_media":0,"parent":0,"menu_order":0,"comment_status":"closed","ping_status":"closed","template":"","meta":{"footnotes":""},"class_list":["post-5725","page","type-page","status-publish","hentry"],"yoast_head":"<!-- This site is optimized with the Yoast SEO Premium plugin v24.7 (Yoast SEO v26.7) - https:\/\/yoast.com\/wordpress\/plugins\/seo\/ -->\n<title>Notre Expertise |<\/title>\n<meta name=\"description\" content=\"D\u00e9couvrez comment BI ADVISORY combine une expertise financi\u00e8re approfondie avec l\u2019innovation en IA pour optimiser les processus financiers au sein de votre organisation.\" \/>\n<meta name=\"robots\" content=\"index, follow, max-snippet:-1, max-image-preview:large, max-video-preview:-1\" \/>\n<link rel=\"canonical\" href=\"https:\/\/www.biadvisory.be\/fr\/notre-expertise\/\" \/>\n<meta property=\"og:locale\" content=\"fr_FR\" \/>\n<meta property=\"og:type\" content=\"article\" \/>\n<meta property=\"og:title\" content=\"Notre Expertise\" \/>\n<meta property=\"og:description\" content=\"D\u00e9couvrez comment BI ADVISORY combine une expertise financi\u00e8re approfondie avec l\u2019innovation en IA pour optimiser les processus financiers au sein de votre organisation.\" \/>\n<meta property=\"og:url\" content=\"https:\/\/www.biadvisory.be\/fr\/notre-expertise\/\" \/>\n<meta property=\"og:site_name\" content=\"BI ADVISORY\" \/>\n<meta property=\"article:publisher\" content=\"https:\/\/www.facebook.com\/business.iConsulting\/\" \/>\n<meta property=\"article:modified_time\" content=\"2025-08-08T13:38:48+00:00\" \/>\n<meta property=\"og:image\" content=\"https:\/\/www.biadvisory.be\/wp-content\/uploads\/2025\/07\/AreasExpertiseBG-1024x123.jpg\" \/>\n<meta name=\"twitter:card\" content=\"summary_large_image\" \/>\n<meta name=\"twitter:site\" content=\"@BI_ADVISORY\" \/>\n<meta name=\"twitter:label1\" content=\"Dur\u00e9e de lecture estim\u00e9e\" \/>\n\t<meta name=\"twitter:data1\" content=\"2 minutes\" \/>\n<script type=\"application\/ld+json\" class=\"yoast-schema-graph\">{\"@context\":\"https:\/\/schema.org\",\"@graph\":[{\"@type\":\"WebPage\",\"@id\":\"https:\/\/www.biadvisory.be\/fr\/notre-expertise\/\",\"url\":\"https:\/\/www.biadvisory.be\/fr\/notre-expertise\/\",\"name\":\"Notre Expertise |\",\"isPartOf\":{\"@id\":\"https:\/\/www.biadvisory.be\/#website\"},\"primaryImageOfPage\":{\"@id\":\"https:\/\/www.biadvisory.be\/fr\/notre-expertise\/#primaryimage\"},\"image\":{\"@id\":\"https:\/\/www.biadvisory.be\/fr\/notre-expertise\/#primaryimage\"},\"thumbnailUrl\":\"https:\/\/www.biadvisory.be\/wp-content\/uploads\/2025\/07\/AreasExpertiseBG-1024x123.jpg\",\"datePublished\":\"2025-08-01T15:34:22+00:00\",\"dateModified\":\"2025-08-08T13:38:48+00:00\",\"description\":\"D\u00e9couvrez comment BI ADVISORY combine une expertise financi\u00e8re approfondie avec l\u2019innovation en IA pour optimiser les processus financiers au sein de votre organisation.\",\"breadcrumb\":{\"@id\":\"https:\/\/www.biadvisory.be\/fr\/notre-expertise\/#breadcrumb\"},\"inLanguage\":\"fr-FR\",\"potentialAction\":[{\"@type\":\"ReadAction\",\"target\":[\"https:\/\/www.biadvisory.be\/fr\/notre-expertise\/\"]}]},{\"@type\":\"ImageObject\",\"inLanguage\":\"fr-FR\",\"@id\":\"https:\/\/www.biadvisory.be\/fr\/notre-expertise\/#primaryimage\",\"url\":\"https:\/\/www.biadvisory.be\/wp-content\/uploads\/2025\/07\/AreasExpertiseBG-1024x123.jpg\",\"contentUrl\":\"https:\/\/www.biadvisory.be\/wp-content\/uploads\/2025\/07\/AreasExpertiseBG-1024x123.jpg\"},{\"@type\":\"BreadcrumbList\",\"@id\":\"https:\/\/www.biadvisory.be\/fr\/notre-expertise\/#breadcrumb\",\"itemListElement\":[{\"@type\":\"ListItem\",\"position\":1,\"name\":\"Home\",\"item\":\"https:\/\/www.biadvisory.be\/fr\/\"},{\"@type\":\"ListItem\",\"position\":2,\"name\":\"Notre Expertise\"}]},{\"@type\":\"WebSite\",\"@id\":\"https:\/\/www.biadvisory.be\/#website\",\"url\":\"https:\/\/www.biadvisory.be\/\",\"name\":\"BI Advisory\",\"description\":\"Corporate Finance Services and AI Solutions\",\"publisher\":{\"@id\":\"https:\/\/www.biadvisory.be\/#organization\"},\"potentialAction\":[{\"@type\":\"SearchAction\",\"target\":{\"@type\":\"EntryPoint\",\"urlTemplate\":\"https:\/\/www.biadvisory.be\/?s={search_term_string}\"},\"query-input\":{\"@type\":\"PropertyValueSpecification\",\"valueRequired\":true,\"valueName\":\"search_term_string\"}}],\"inLanguage\":\"fr-FR\"},{\"@type\":\"Organization\",\"@id\":\"https:\/\/www.biadvisory.be\/#organization\",\"name\":\"BI Advisory\",\"url\":\"https:\/\/www.biadvisory.be\/\",\"logo\":{\"@type\":\"ImageObject\",\"inLanguage\":\"fr-FR\",\"@id\":\"https:\/\/www.biadvisory.be\/#\/schema\/logo\/image\/\",\"url\":\"https:\/\/www.biadvisory.be\/wp-content\/uploads\/2023\/05\/Logo-BI-ADVISORY.jpg\",\"contentUrl\":\"https:\/\/www.biadvisory.be\/wp-content\/uploads\/2023\/05\/Logo-BI-ADVISORY.jpg\",\"width\":1447,\"height\":1053,\"caption\":\"BI Advisory\"},\"image\":{\"@id\":\"https:\/\/www.biadvisory.be\/#\/schema\/logo\/image\/\"},\"sameAs\":[\"https:\/\/www.facebook.com\/business.iConsulting\/\",\"https:\/\/x.com\/BI_ADVISORY\",\"https:\/\/www.linkedin.com\/company\/2912164\"]}]}<\/script>\n<!-- \/ Yoast SEO Premium plugin. -->","yoast_head_json":{"title":"Notre Expertise |","description":"D\u00e9couvrez comment BI ADVISORY combine une expertise financi\u00e8re approfondie avec l\u2019innovation en IA pour optimiser les processus financiers au sein de votre organisation.","robots":{"index":"index","follow":"follow","max-snippet":"max-snippet:-1","max-image-preview":"max-image-preview:large","max-video-preview":"max-video-preview:-1"},"canonical":"https:\/\/www.biadvisory.be\/fr\/notre-expertise\/","og_locale":"fr_FR","og_type":"article","og_title":"Notre Expertise","og_description":"D\u00e9couvrez comment BI ADVISORY combine une expertise financi\u00e8re approfondie avec l\u2019innovation en IA pour optimiser les processus financiers au sein de votre organisation.","og_url":"https:\/\/www.biadvisory.be\/fr\/notre-expertise\/","og_site_name":"BI ADVISORY","article_publisher":"https:\/\/www.facebook.com\/business.iConsulting\/","article_modified_time":"2025-08-08T13:38:48+00:00","og_image":[{"url":"https:\/\/www.biadvisory.be\/wp-content\/uploads\/2025\/07\/AreasExpertiseBG-1024x123.jpg","type":"","width":"","height":""}],"twitter_card":"summary_large_image","twitter_site":"@BI_ADVISORY","twitter_misc":{"Dur\u00e9e de lecture estim\u00e9e":"2 minutes"},"schema":{"@context":"https:\/\/schema.org","@graph":[{"@type":"WebPage","@id":"https:\/\/www.biadvisory.be\/fr\/notre-expertise\/","url":"https:\/\/www.biadvisory.be\/fr\/notre-expertise\/","name":"Notre Expertise |","isPartOf":{"@id":"https:\/\/www.biadvisory.be\/#website"},"primaryImageOfPage":{"@id":"https:\/\/www.biadvisory.be\/fr\/notre-expertise\/#primaryimage"},"image":{"@id":"https:\/\/www.biadvisory.be\/fr\/notre-expertise\/#primaryimage"},"thumbnailUrl":"https:\/\/www.biadvisory.be\/wp-content\/uploads\/2025\/07\/AreasExpertiseBG-1024x123.jpg","datePublished":"2025-08-01T15:34:22+00:00","dateModified":"2025-08-08T13:38:48+00:00","description":"D\u00e9couvrez comment BI ADVISORY combine une expertise financi\u00e8re approfondie avec l\u2019innovation en IA pour optimiser les processus financiers au sein de votre organisation.","breadcrumb":{"@id":"https:\/\/www.biadvisory.be\/fr\/notre-expertise\/#breadcrumb"},"inLanguage":"fr-FR","potentialAction":[{"@type":"ReadAction","target":["https:\/\/www.biadvisory.be\/fr\/notre-expertise\/"]}]},{"@type":"ImageObject","inLanguage":"fr-FR","@id":"https:\/\/www.biadvisory.be\/fr\/notre-expertise\/#primaryimage","url":"https:\/\/www.biadvisory.be\/wp-content\/uploads\/2025\/07\/AreasExpertiseBG-1024x123.jpg","contentUrl":"https:\/\/www.biadvisory.be\/wp-content\/uploads\/2025\/07\/AreasExpertiseBG-1024x123.jpg"},{"@type":"BreadcrumbList","@id":"https:\/\/www.biadvisory.be\/fr\/notre-expertise\/#breadcrumb","itemListElement":[{"@type":"ListItem","position":1,"name":"Home","item":"https:\/\/www.biadvisory.be\/fr\/"},{"@type":"ListItem","position":2,"name":"Notre Expertise"}]},{"@type":"WebSite","@id":"https:\/\/www.biadvisory.be\/#website","url":"https:\/\/www.biadvisory.be\/","name":"BI Advisory","description":"Corporate Finance Services and AI Solutions","publisher":{"@id":"https:\/\/www.biadvisory.be\/#organization"},"potentialAction":[{"@type":"SearchAction","target":{"@type":"EntryPoint","urlTemplate":"https:\/\/www.biadvisory.be\/?s={search_term_string}"},"query-input":{"@type":"PropertyValueSpecification","valueRequired":true,"valueName":"search_term_string"}}],"inLanguage":"fr-FR"},{"@type":"Organization","@id":"https:\/\/www.biadvisory.be\/#organization","name":"BI Advisory","url":"https:\/\/www.biadvisory.be\/","logo":{"@type":"ImageObject","inLanguage":"fr-FR","@id":"https:\/\/www.biadvisory.be\/#\/schema\/logo\/image\/","url":"https:\/\/www.biadvisory.be\/wp-content\/uploads\/2023\/05\/Logo-BI-ADVISORY.jpg","contentUrl":"https:\/\/www.biadvisory.be\/wp-content\/uploads\/2023\/05\/Logo-BI-ADVISORY.jpg","width":1447,"height":1053,"caption":"BI Advisory"},"image":{"@id":"https:\/\/www.biadvisory.be\/#\/schema\/logo\/image\/"},"sameAs":["https:\/\/www.facebook.com\/business.iConsulting\/","https:\/\/x.com\/BI_ADVISORY","https:\/\/www.linkedin.com\/company\/2912164"]}]}},"_links":{"self":[{"href":"https:\/\/www.biadvisory.be\/fr\/wp-json\/wp\/v2\/pages\/5725","targetHints":{"allow":["GET"]}}],"collection":[{"href":"https:\/\/www.biadvisory.be\/fr\/wp-json\/wp\/v2\/pages"}],"about":[{"href":"https:\/\/www.biadvisory.be\/fr\/wp-json\/wp\/v2\/types\/page"}],"author":[{"embeddable":true,"href":"https:\/\/www.biadvisory.be\/fr\/wp-json\/wp\/v2\/users\/1"}],"replies":[{"embeddable":true,"href":"https:\/\/www.biadvisory.be\/fr\/wp-json\/wp\/v2\/comments?post=5725"}],"version-history":[{"count":6,"href":"https:\/\/www.biadvisory.be\/fr\/wp-json\/wp\/v2\/pages\/5725\/revisions"}],"predecessor-version":[{"id":5864,"href":"https:\/\/www.biadvisory.be\/fr\/wp-json\/wp\/v2\/pages\/5725\/revisions\/5864"}],"wp:attachment":[{"href":"https:\/\/www.biadvisory.be\/fr\/wp-json\/wp\/v2\/media?parent=5725"}],"curies":[{"name":"wp","href":"https:\/\/api.w.org\/{rel}","templated":true}]}}