{"id":5735,"date":"2025-08-01T16:40:42","date_gmt":"2025-08-01T15:40:42","guid":{"rendered":"https:\/\/www.biadvisory.be\/carrieres\/"},"modified":"2025-08-04T10:09:54","modified_gmt":"2025-08-04T09:09:54","slug":"carrieres","status":"publish","type":"page","link":"https:\/\/www.biadvisory.be\/nl\/carrieres\/","title":{"rendered":"Carri\u00e8res"},"content":{"rendered":"<div class=\"wp-block-group container\">\n<div class=\"wp-block-group__inner-container is-layout-constrained wp-block-group-is-layout-constrained\">\n<div style=\"height:40px\" aria-hidden=\"true\" class=\"wp-block-spacer\"><\/div>\n<h1 class=\"wp-block-heading has-text-align-center\" id=\"h-careers\">Carri\u00e8res<\/h1>\n<hr class=\"wp-block-separator has-alpha-channel-opacity Half\"\/>\n<p class=\"has-text-align-center\">BI ADVISORY is altijd op zoek naar financi\u00eble talenten die onze toekomstige consultants willen worden. Afhankelijk van de behoeften en specificaties van het project, biedt carri\u00e8remogelijkheden of opleidingstrajecten aan als functioneel analist, technisch analist of financieel analist. Al onze consultants volgen diverse trainingen op het gebied van financi\u00eble consolidatie, bedrijfsrapportage en systeemimplementatie om een hoogwaardige dienstverlening te kunnen leveren.<\/p>\n<p class=\"has-text-align-center\">BI ADVISORY biedt een boeiende omgeving met echte uitdagingen en mogelijkheden voor je carri\u00e8re.<\/p>\n<hr class=\"wp-block-separator has-alpha-channel-opacity\"\/>\n<h3 class=\"wp-block-heading has-text-align-center\" id=\"h-feel-free-to-contact-us-by-sending-an-e-mail-with-your-updated-cv-to-info-biadvisory-be-or-fill-the-form-below-we-will-get-back-to-you-as-soon-as-possible\">Neem gerust contact met ons op door een e-mail te sturen met uw bijgewerkte CV naar: info@biadvisory.be of vul onderstaand formulier in. Wij nemen zo snel mogelijk contact met u op.<\/h3>\n<hr class=\"wp-block-separator has-alpha-channel-opacity\"\/>\n<\/div>\n<\/div>\n<div style=\"height:60px\" aria-hidden=\"true\" class=\"wp-block-spacer\"><\/div>\n<div class=\"wp-block-group container AlignTop is-nowrap is-layout-flex wp-container-core-group-is-layout-ad2f72ca wp-block-group-is-layout-flex\">\n<figure class=\"wp-block-image size-full AlignTop\"><img loading=\"lazy\" decoding=\"async\" width=\"435\" height=\"493\" src=\"data:image\/gif;base64,R0lGODlhAQABAAAAACH5BAEKAAEALAAAAAABAAEAAAICTAEAOw==\" alt=\"\" class=\"wp-image-5119 lazyload\" sizes=\"auto, (max-width: 435px) 100vw, 435px\" data-src=\"https:\/\/www.biadvisory.be\/wp-content\/uploads\/2025\/07\/InterimPhoto.png\" data-srcset=\"https:\/\/www.biadvisory.be\/wp-content\/uploads\/2025\/07\/InterimPhoto.png 435w, https:\/\/www.biadvisory.be\/wp-content\/uploads\/2025\/07\/InterimPhoto-265x300.png 265w\"><\/figure>\n<div class=\"wp-block-group container\">\n<div class=\"wp-block-group__inner-container is-layout-constrained wp-block-group-is-layout-constrained\">\n<h3 class=\"wp-block-heading\" id=\"h-be-a-part-of-the-team\">Maak deel uit van het team<\/h3>\n<hr class=\"wp-block-separator has-alpha-channel-opacity\"\/>\n<div class=\"fluentform-block-45f3da4c-f58d ffblock-block-frontend\">\n<div class=\"ffblock-fluent-form-wrapper ffblock-fluent-form-style-1 \">\n<div class='fluentform ff-default fluentform_wrapper_4 ffs_default_wrap'>\n<form data-form_id=\"4\" id=\"fluentform_4\" class=\"frm-fluent-form fluent_form_4 ff-el-form-top ff_form_instance_4_1 ff-form-loading ffs_default\" data-form_instance=\"ff_form_instance_4_1\" method=\"POST\" data-turnstile_key=\"0x4AAAAAABmTcZqqs3BTrh5z\" >\n<fieldset  style=\"border: none!important;margin: 0!important;padding: 0!important;background-color: transparent!important;box-shadow: none!important;outline: none!important; min-inline-size: 100%;\">\n<legend class=\"ff_screen_reader_title\" style=\"display: block; margin: 0!important;padding: 0!important;height: 0!important;text-indent: -999999px;width: 0!important;overflow:hidden;\">Career<\/legend>\n<p><input type='hidden' name='__fluent_form_embded_post_id' value='5735' \/><input type=\"hidden\" id=\"_fluentform_4_fluentformnonce\" name=\"_fluentform_4_fluentformnonce\" value=\"077054af54\" \/><input type=\"hidden\" name=\"_wp_http_referer\" value=\"\/nl\/wp-json\/wp\/v2\/pages\/5735\" \/><\/p>\n<div data-type=\"name-element\" data-name=\"names\" class=\" ff-field_container ff-name-field-wrapper\" >\n<div class='ff-t-container'>\n<div class='ff-t-cell '>\n<div class='ff-el-group'>\n<div class=\"ff-el-input--label asterisk-right\"><label for='ff_4_names_first_name_' id='label_ff_4_names_first_name_' >Voornaam<\/label><\/div>\n<div class='ff-el-input--content'><input type=\"text\" name=\"names[first_name]\" id=\"ff_4_names_first_name_\" class=\"ff-el-form-control\" placeholder=\"Voornaam\" aria-invalid=\"false\" aria-required=false><\/div>\n<\/div>\n<\/div>\n<div class='ff-t-cell '>\n<div class='ff-el-group'>\n<div class=\"ff-el-input--label asterisk-right\"><label for='ff_4_names_last_name_' id='label_ff_4_names_last_name_' >Achternaam<\/label><\/div>\n<div class='ff-el-input--content'><input type=\"text\" name=\"names[last_name]\" id=\"ff_4_names_last_name_\" class=\"ff-el-form-control\" placeholder=\"Achternaam\" aria-invalid=\"false\" aria-required=false><\/div>\n<\/div>\n<\/div>\n<\/div>\n<\/div>\n<div data-name=\"ff_cn_id_1\"  class='ff-t-container ff-column-container ff_columns_total_2 '>\n<div class='ff-t-cell ff-t-column-1' style='flex-basis: 50%;'>\n<div class='ff-el-group'>\n<div class=\"ff-el-input--label ff-el-is-required asterisk-right\"><label for='ff_4_email' id='label_ff_4_email' aria-label=\"Email\">Email<\/label><\/div>\n<div class='ff-el-input--content'><input type=\"email\" name=\"email\" id=\"ff_4_email\" class=\"ff-el-form-control\" placeholder=\"E-mailadres\" data-name=\"email\"  aria-invalid=\"false\" aria-required=true><\/div>\n<\/div>\n<\/div>\n<div class='ff-t-cell ff-t-column-2' style='flex-basis: 50%;'>\n<div class='ff-el-group'>\n<div class=\"ff-el-input--label asterisk-right\"><label for='ff_4_phone' id='label_ff_4_phone' aria-label=\"Telefoon \/ Mobiel\">Telefoon \/ Mobiel<\/label><\/div>\n<div class='ff-el-input--content'><input name=\"phone\" class=\"ff-el-form-control ff-el-phone\" type=\"tel\" placeholder=\"Telefoonnummer bijv.: +32 (0800) xx-xxx\" data-name=\"phone\" id=\"ff_4_phone\" inputmode=\"tel\"  aria-invalid='false' aria-required=false><\/div>\n<\/div>\n<\/div>\n<\/div>\n<div class='ff-el-group'>\n<div class=\"ff-el-input--label ff-el-is-required asterisk-right\"><label for='ff_4_project' id='label_ff_4_project' aria-label=\"Voor welk project solliciteert u?\">Voor welk project solliciteert u?<\/label><\/div>\n<div class='ff-el-input--content'><textarea aria-required=\"true\" aria-labelledby=\"label_ff_4_project\" name=\"project\" id=\"ff_4_project\" class=\"ff-el-form-control\" placeholder=\"Geef details op\" rows=\"4\" cols=\"2\" data-name=\"project\" ><\/textarea><\/div>\n<\/div>\n<div class='ff-el-group'>\n<div class=\"ff-el-input--label ff-el-is-required asterisk-right\"><label for='ff_4_comments' id='label_ff_4_comments' aria-label=\"Voeg uw opmerkingen en beschikbaarheden toe\">Voeg uw opmerkingen en beschikbaarheden toe<\/label><\/div>\n<div class='ff-el-input--content'><textarea aria-required=\"true\" aria-labelledby=\"label_ff_4_comments\" name=\"comments\" id=\"ff_4_comments\" class=\"ff-el-form-control\" placeholder=\"Geef details op\" rows=\"4\" cols=\"2\" data-name=\"comments\" ><\/textarea><\/div>\n<\/div>\n<div class='ff-el-group'>\n<div class=\"ff-el-input--label asterisk-right\"><label for='ff_4_file-upload_1' id='label_ff_4_file-upload_1' aria-label=\"Voeg uw cv toe (pdf, doc, ppt, docx, pptx)\">Voeg uw cv toe (pdf, doc, ppt, docx, pptx)<\/label><\/div>\n<div class='ff-el-input--content'><label for='ff_4_file-upload_1' class='ff_file_upload_holder'><span class='ff_upload_btn ff-btn' tabindex='0'>Kies bestand<\/span> <input type=\"file\" name=\"file-upload\" id=\"ff_4_file-upload_1\" class=\"ff-el-form-control  ff-screen-reader-element\" data-name=\"file-upload\" multiple=\"1\"  aria-invalid='false' aria-required=false><\/label><\/div>\n<\/div>\n<div class='ff-el-group  ff-custom_html gdpr_agreement_title' tabindex='-1' data-name=\"custom_html-4_1\" >\n<p><img loading=\"lazy\" decoding=\"async\" class=\"\" src=\"https:\/\/www.biadvisory.be\/wp-content\/uploads\/2025\/07\/gdpr_compliant-pd966nor0t4ypalqme2tdbc9accmdhx8r309rqm6f4.png\" width=\"81\" height=\"34\"> AVG-overeenkomst<\/p>\n<\/div>\n<div class='ff-el-group    ff-el-input--content'>\n<div class='ff-el-form-check ff-el-tc'><label aria-label='Ik geef BI Advisory toestemming om mijn verstrekte gegevens op te slaan zodat ze op mijn vraag kunnen reageren.' class='ff-el-form-check-label ff_tc_label' for=gdpr-agreement_e9af0635b616137c31e9e0dfe77c3570><span class='ff_tc_checkbox'><input type=\"checkbox\" name=\"gdpr-agreement\" class=\"ff-el-form-check-input ff_gdpr_field\" data-name=\"gdpr-agreement\" id=\"gdpr-agreement_e9af0635b616137c31e9e0dfe77c3570\"  value='on' aria-invalid='false' aria-required=true><\/span> <\/p>\n<div class='ff_t_c'>Ik geef BI Advisory toestemming om mijn verstrekte gegevens op te slaan zodat ze op mijn vraag kunnen reageren.<\/div>\n<p><\/label><\/div>\n<\/div>\n<div data-name=\"ff_cn_id_2\"  class='ff-t-container ff-column-container ff_columns_total_2 FinalFormBlock'>\n<div class='ff-t-cell ff-t-column-1' style='flex-basis: 60%;'>\n<div class='ff-el-group ' >\n<div class='ff-el-input--content'>\n<div data-fluent_id='4' name='cf-turnstile-response'>\n<div\n\t\tdata-sitekey='0x4AAAAAABmTcZqqs3BTrh5z'\n\t\tdata-theme='auto'\n\t\tid='fluentform-turnstile-4-1'\n\t\tclass='ff-el-turnstile cf-turnstile'\n\t\tdata-appearance='always'><\/div>\n<\/div>\n<\/div>\n<\/div>\n<\/div>\n<div class='ff-t-cell ff-t-column-2' style='flex-basis: 40%;'>\n<div class='ff-el-group ff-text-left SubmitButtonWrapper ff_submit_btn_wrapper ff_submit_btn_wrapper_custom'><button class='ff-btn-submit' type='submit' aria-label='Submit The Form'><img style=\"max-width: 200px;\" src=\"data:image\/gif;base64,R0lGODlhAQABAAAAACH5BAEKAAEALAAAAAABAAEAAAICTAEAOw==\" alt=\"Submit Form\" class=\"lazyload\" data-src=\"https:\/\/www.biadvisory.be\/wp-content\/uploads\/2025\/08\/submit_white.png\"><\/button><\/p>\n<style>form.fluent_form_4 .wpf_has_custom_css.ff-btn-submit { background-color:#1a7efb;border-color:#1a7efb;color:#ffffff;min-width:100%; }form.fluent_form_4 .wpf_has_custom_css.ff-btn-submit:hover { background-color:#ffffff;border-color:#1a7efb;color:#1a7efb;min-width:100%; } <\/style>\n<\/div>\n<\/div>\n<\/div>\n<\/fieldset>\n<\/form>\n<div id='fluentform_4_errors' class='ff-errors-in-stack ff_form_instance_4_1 ff-form-loading_errors ff_form_instance_4_1_errors'><\/div>\n<\/div>\n<p>            <script type=\"text\/javascript\">\n                window.fluent_form_ff_form_instance_4_1 = {\"id\":\"4\",\"settings\":{\"layout\":{\"labelPlacement\":\"top\",\"helpMessagePlacement\":\"with_label\",\"errorMessagePlacement\":\"inline\",\"cssClassName\":\"\",\"asteriskPlacement\":\"asterisk-right\"},\"restrictions\":{\"denyEmptySubmission\":{\"enabled\":false}}},\"form_instance\":\"ff_form_instance_4_1\",\"form_id_selector\":\"fluentform_4\",\"rules\":{\"names[first_name]\":{\"required\":{\"value\":false,\"message\":\"Dit veld is verplicht\",\"global\":false,\"global_message\":\"This field is required\"}},\"names[middle_name]\":{\"required\":{\"value\":false,\"message\":\"Dit veld is verplicht\",\"global\":false,\"global_message\":\"This field is required\"}},\"names[last_name]\":{\"required\":{\"value\":false,\"message\":\"Dit veld is verplicht\",\"global\":false,\"global_message\":\"This field is required\"}},\"email\":{\"required\":{\"value\":true,\"message\":\"Dit veld is verplicht\",\"global\":false,\"global_message\":\"This field is required\"},\"email\":{\"value\":true,\"message\":\"Dit veld moet een geldig e-mailadres bevatten\",\"global\":false,\"global_message\":\"This field must contain a valid email\"}},\"phone\":{\"required\":{\"value\":false,\"global\":true,\"message\":\"Dit veld is verplicht!\",\"global_message\":\"This field is required\"},\"valid_phone_number\":{\"value\":false,\"global\":true,\"message\":\"Telefoonnummer is niet geldig\",\"global_message\":\"Phone number is not valid\"}},\"project\":{\"required\":{\"value\":true,\"message\":\"Dit veld is verplicht\",\"global\":false,\"global_message\":\"This field is required\"}},\"comments\":{\"required\":{\"value\":true,\"message\":\"Dit veld is verplicht\",\"global\":false,\"global_message\":\"This field is required\"}},\"file-upload\":{\"required\":{\"value\":false,\"message\":\"Dit veld is verplicht!\",\"global_message\":\"This field is required\",\"global\":true},\"max_file_size\":{\"value\":1048576,\"message\":\"Validatie mislukt voor maximale grootte bestand\",\"global_message\":\"Validation fails for maximum file size\",\"global\":true},\"max_file_count\":{\"value\":1,\"message\":\"Validatie mislukt voor maximaal aantal bestanden\",\"global_message\":\"Validation fails for maximum file count\",\"global\":true},\"allowed_file_types\":{\"value\":[\"doc|ppt|pps|xls|mdb|docx|xlsx|pptx|odt|odp|ods|odg|odc|odb|odf|rtf|txt\",\"pdf\"],\"message\":\"Ongeldig bestandstype\",\"global_message\":\"Invalid file type\",\"global\":true}},\"gdpr-agreement\":{\"required\":{\"value\":true,\"message\":\"Dit veld is verplicht!\",\"global_message\":\"This field is required\",\"global\":true}},\"cf-turnstile-response\":[]},\"debounce_time\":300};\n                            <\/script>\n            \t\t<\/div>\n<\/p><\/div>\n<\/div>\n<\/div>\n<\/div>\n<div style=\"height:60px\" aria-hidden=\"true\" class=\"wp-block-spacer\"><\/div>\n","protected":false},"excerpt":{"rendered":"<p>Carri\u00e8res BI ADVISORY is altijd op zoek naar financi\u00eble talenten die onze toekomstige consultants willen worden. Afhankelijk van de behoeften en specificaties van het project, biedt carri\u00e8remogelijkheden of opleidingstrajecten aan als functioneel analist, technisch analist of financieel analist. Al onze consultants volgen diverse trainingen op het gebied van financi\u00eble consolidatie, bedrijfsrapportage en systeemimplementatie om een [&hellip;]<\/p>\n","protected":false},"author":1,"featured_media":0,"parent":0,"menu_order":0,"comment_status":"closed","ping_status":"closed","template":"","meta":{"footnotes":""},"class_list":["post-5735","page","type-page","status-publish","hentry"],"yoast_head":"<!-- This site is optimized with the Yoast SEO Premium plugin v24.7 (Yoast SEO v26.7) - https:\/\/yoast.com\/wordpress\/plugins\/seo\/ -->\n<title>Carri\u00e8res |<\/title>\n<meta name=\"description\" content=\"Sluit je aan bij BI ADVISORY en geef vorm aan de toekomst van financi\u00ebn met AI. Wij zoeken financi\u00eble talenten die willen groeien via uitdagende projecten in de praktijk.\" \/>\n<meta name=\"robots\" content=\"index, follow, max-snippet:-1, max-image-preview:large, max-video-preview:-1\" \/>\n<link rel=\"canonical\" href=\"https:\/\/www.biadvisory.be\/nl\/carrieres\/\" \/>\n<meta property=\"og:locale\" content=\"nl_NL\" \/>\n<meta property=\"og:type\" content=\"article\" \/>\n<meta property=\"og:title\" content=\"Carri\u00e8res\" \/>\n<meta property=\"og:description\" content=\"Sluit je aan bij BI ADVISORY en geef vorm aan de toekomst van financi\u00ebn met AI. Wij zoeken financi\u00eble talenten die willen groeien via uitdagende projecten in de praktijk.\" \/>\n<meta property=\"og:url\" content=\"https:\/\/www.biadvisory.be\/nl\/carrieres\/\" \/>\n<meta property=\"og:site_name\" content=\"BI ADVISORY\" \/>\n<meta property=\"article:publisher\" content=\"https:\/\/www.facebook.com\/business.iConsulting\/\" \/>\n<meta property=\"article:modified_time\" content=\"2025-08-04T09:09:54+00:00\" \/>\n<meta property=\"og:image\" content=\"https:\/\/www.biadvisory.be\/wp-content\/uploads\/2025\/07\/InterimPhoto.png\" \/>\n<meta name=\"twitter:card\" content=\"summary_large_image\" \/>\n<meta name=\"twitter:site\" content=\"@BI_ADVISORY\" \/>\n<meta name=\"twitter:label1\" content=\"Geschatte leestijd\" \/>\n\t<meta name=\"twitter:data1\" content=\"1 minuut\" \/>\n<script type=\"application\/ld+json\" class=\"yoast-schema-graph\">{\"@context\":\"https:\/\/schema.org\",\"@graph\":[{\"@type\":\"WebPage\",\"@id\":\"https:\/\/www.biadvisory.be\/nl\/carrieres\/\",\"url\":\"https:\/\/www.biadvisory.be\/nl\/carrieres\/\",\"name\":\"Carri\u00e8res |\",\"isPartOf\":{\"@id\":\"https:\/\/www.biadvisory.be\/#website\"},\"primaryImageOfPage\":{\"@id\":\"https:\/\/www.biadvisory.be\/nl\/carrieres\/#primaryimage\"},\"image\":{\"@id\":\"https:\/\/www.biadvisory.be\/nl\/carrieres\/#primaryimage\"},\"thumbnailUrl\":\"https:\/\/www.biadvisory.be\/wp-content\/uploads\/2025\/07\/InterimPhoto.png\",\"datePublished\":\"2025-08-01T15:40:42+00:00\",\"dateModified\":\"2025-08-04T09:09:54+00:00\",\"description\":\"Sluit je aan bij BI ADVISORY en geef vorm aan de toekomst van financi\u00ebn met AI. Wij zoeken financi\u00eble talenten die willen groeien via uitdagende projecten in de praktijk.\",\"breadcrumb\":{\"@id\":\"https:\/\/www.biadvisory.be\/nl\/carrieres\/#breadcrumb\"},\"inLanguage\":\"nl-NL\",\"potentialAction\":[{\"@type\":\"ReadAction\",\"target\":[\"https:\/\/www.biadvisory.be\/nl\/carrieres\/\"]}]},{\"@type\":\"ImageObject\",\"inLanguage\":\"nl-NL\",\"@id\":\"https:\/\/www.biadvisory.be\/nl\/carrieres\/#primaryimage\",\"url\":\"https:\/\/www.biadvisory.be\/wp-content\/uploads\/2025\/07\/InterimPhoto.png\",\"contentUrl\":\"https:\/\/www.biadvisory.be\/wp-content\/uploads\/2025\/07\/InterimPhoto.png\"},{\"@type\":\"BreadcrumbList\",\"@id\":\"https:\/\/www.biadvisory.be\/nl\/carrieres\/#breadcrumb\",\"itemListElement\":[{\"@type\":\"ListItem\",\"position\":1,\"name\":\"Home\",\"item\":\"https:\/\/www.biadvisory.be\/nl\/\"},{\"@type\":\"ListItem\",\"position\":2,\"name\":\"Carri\u00e8res\"}]},{\"@type\":\"WebSite\",\"@id\":\"https:\/\/www.biadvisory.be\/#website\",\"url\":\"https:\/\/www.biadvisory.be\/\",\"name\":\"BI Advisory\",\"description\":\"Corporate Finance Services and AI Solutions\",\"publisher\":{\"@id\":\"https:\/\/www.biadvisory.be\/#organization\"},\"potentialAction\":[{\"@type\":\"SearchAction\",\"target\":{\"@type\":\"EntryPoint\",\"urlTemplate\":\"https:\/\/www.biadvisory.be\/?s={search_term_string}\"},\"query-input\":{\"@type\":\"PropertyValueSpecification\",\"valueRequired\":true,\"valueName\":\"search_term_string\"}}],\"inLanguage\":\"nl-NL\"},{\"@type\":\"Organization\",\"@id\":\"https:\/\/www.biadvisory.be\/#organization\",\"name\":\"BI Advisory\",\"url\":\"https:\/\/www.biadvisory.be\/\",\"logo\":{\"@type\":\"ImageObject\",\"inLanguage\":\"nl-NL\",\"@id\":\"https:\/\/www.biadvisory.be\/#\/schema\/logo\/image\/\",\"url\":\"https:\/\/www.biadvisory.be\/wp-content\/uploads\/2023\/05\/Logo-BI-ADVISORY.jpg\",\"contentUrl\":\"https:\/\/www.biadvisory.be\/wp-content\/uploads\/2023\/05\/Logo-BI-ADVISORY.jpg\",\"width\":1447,\"height\":1053,\"caption\":\"BI Advisory\"},\"image\":{\"@id\":\"https:\/\/www.biadvisory.be\/#\/schema\/logo\/image\/\"},\"sameAs\":[\"https:\/\/www.facebook.com\/business.iConsulting\/\",\"https:\/\/x.com\/BI_ADVISORY\",\"https:\/\/www.linkedin.com\/company\/2912164\"]}]}<\/script>\n<!-- \/ Yoast SEO Premium plugin. -->","yoast_head_json":{"title":"Carri\u00e8res |","description":"Sluit je aan bij BI ADVISORY en geef vorm aan de toekomst van financi\u00ebn met AI. Wij zoeken financi\u00eble talenten die willen groeien via uitdagende projecten in de praktijk.","robots":{"index":"index","follow":"follow","max-snippet":"max-snippet:-1","max-image-preview":"max-image-preview:large","max-video-preview":"max-video-preview:-1"},"canonical":"https:\/\/www.biadvisory.be\/nl\/carrieres\/","og_locale":"nl_NL","og_type":"article","og_title":"Carri\u00e8res","og_description":"Sluit je aan bij BI ADVISORY en geef vorm aan de toekomst van financi\u00ebn met AI. Wij zoeken financi\u00eble talenten die willen groeien via uitdagende projecten in de praktijk.","og_url":"https:\/\/www.biadvisory.be\/nl\/carrieres\/","og_site_name":"BI ADVISORY","article_publisher":"https:\/\/www.facebook.com\/business.iConsulting\/","article_modified_time":"2025-08-04T09:09:54+00:00","og_image":[{"url":"https:\/\/www.biadvisory.be\/wp-content\/uploads\/2025\/07\/InterimPhoto.png","type":"","width":"","height":""}],"twitter_card":"summary_large_image","twitter_site":"@BI_ADVISORY","twitter_misc":{"Geschatte leestijd":"1 minuut"},"schema":{"@context":"https:\/\/schema.org","@graph":[{"@type":"WebPage","@id":"https:\/\/www.biadvisory.be\/nl\/carrieres\/","url":"https:\/\/www.biadvisory.be\/nl\/carrieres\/","name":"Carri\u00e8res |","isPartOf":{"@id":"https:\/\/www.biadvisory.be\/#website"},"primaryImageOfPage":{"@id":"https:\/\/www.biadvisory.be\/nl\/carrieres\/#primaryimage"},"image":{"@id":"https:\/\/www.biadvisory.be\/nl\/carrieres\/#primaryimage"},"thumbnailUrl":"https:\/\/www.biadvisory.be\/wp-content\/uploads\/2025\/07\/InterimPhoto.png","datePublished":"2025-08-01T15:40:42+00:00","dateModified":"2025-08-04T09:09:54+00:00","description":"Sluit je aan bij BI ADVISORY en geef vorm aan de toekomst van financi\u00ebn met AI. Wij zoeken financi\u00eble talenten die willen groeien via uitdagende projecten in de praktijk.","breadcrumb":{"@id":"https:\/\/www.biadvisory.be\/nl\/carrieres\/#breadcrumb"},"inLanguage":"nl-NL","potentialAction":[{"@type":"ReadAction","target":["https:\/\/www.biadvisory.be\/nl\/carrieres\/"]}]},{"@type":"ImageObject","inLanguage":"nl-NL","@id":"https:\/\/www.biadvisory.be\/nl\/carrieres\/#primaryimage","url":"https:\/\/www.biadvisory.be\/wp-content\/uploads\/2025\/07\/InterimPhoto.png","contentUrl":"https:\/\/www.biadvisory.be\/wp-content\/uploads\/2025\/07\/InterimPhoto.png"},{"@type":"BreadcrumbList","@id":"https:\/\/www.biadvisory.be\/nl\/carrieres\/#breadcrumb","itemListElement":[{"@type":"ListItem","position":1,"name":"Home","item":"https:\/\/www.biadvisory.be\/nl\/"},{"@type":"ListItem","position":2,"name":"Carri\u00e8res"}]},{"@type":"WebSite","@id":"https:\/\/www.biadvisory.be\/#website","url":"https:\/\/www.biadvisory.be\/","name":"BI Advisory","description":"Corporate Finance Services and AI Solutions","publisher":{"@id":"https:\/\/www.biadvisory.be\/#organization"},"potentialAction":[{"@type":"SearchAction","target":{"@type":"EntryPoint","urlTemplate":"https:\/\/www.biadvisory.be\/?s={search_term_string}"},"query-input":{"@type":"PropertyValueSpecification","valueRequired":true,"valueName":"search_term_string"}}],"inLanguage":"nl-NL"},{"@type":"Organization","@id":"https:\/\/www.biadvisory.be\/#organization","name":"BI Advisory","url":"https:\/\/www.biadvisory.be\/","logo":{"@type":"ImageObject","inLanguage":"nl-NL","@id":"https:\/\/www.biadvisory.be\/#\/schema\/logo\/image\/","url":"https:\/\/www.biadvisory.be\/wp-content\/uploads\/2023\/05\/Logo-BI-ADVISORY.jpg","contentUrl":"https:\/\/www.biadvisory.be\/wp-content\/uploads\/2023\/05\/Logo-BI-ADVISORY.jpg","width":1447,"height":1053,"caption":"BI Advisory"},"image":{"@id":"https:\/\/www.biadvisory.be\/#\/schema\/logo\/image\/"},"sameAs":["https:\/\/www.facebook.com\/business.iConsulting\/","https:\/\/x.com\/BI_ADVISORY","https:\/\/www.linkedin.com\/company\/2912164"]}]}},"_links":{"self":[{"href":"https:\/\/www.biadvisory.be\/nl\/wp-json\/wp\/v2\/pages\/5735","targetHints":{"allow":["GET"]}}],"collection":[{"href":"https:\/\/www.biadvisory.be\/nl\/wp-json\/wp\/v2\/pages"}],"about":[{"href":"https:\/\/www.biadvisory.be\/nl\/wp-json\/wp\/v2\/types\/page"}],"author":[{"embeddable":true,"href":"https:\/\/www.biadvisory.be\/nl\/wp-json\/wp\/v2\/users\/1"}],"replies":[{"embeddable":true,"href":"https:\/\/www.biadvisory.be\/nl\/wp-json\/wp\/v2\/comments?post=5735"}],"version-history":[{"count":2,"href":"https:\/\/www.biadvisory.be\/nl\/wp-json\/wp\/v2\/pages\/5735\/revisions"}],"predecessor-version":[{"id":5787,"href":"https:\/\/www.biadvisory.be\/nl\/wp-json\/wp\/v2\/pages\/5735\/revisions\/5787"}],"wp:attachment":[{"href":"https:\/\/www.biadvisory.be\/nl\/wp-json\/wp\/v2\/media?parent=5735"}],"curies":[{"name":"wp","href":"https:\/\/api.w.org\/{rel}","templated":true}]}}